{"id":9089,"date":"2020-06-10T13:01:02","date_gmt":"2020-06-10T12:01:02","guid":{"rendered":"https:\/\/www.health-care.be\/programme\/"},"modified":"2025-07-02T13:40:12","modified_gmt":"2025-07-02T12:40:12","slug":"programme","status":"publish","type":"page","link":"https:\/\/www.health-care.be\/fr\/programme\/","title":{"rendered":"Programme"},"content":{"rendered":"\t\t<div data-elementor-type=\"wp-post\" data-elementor-id=\"9089\" class=\"elementor elementor-9089 elementor-236\" data-elementor-post-type=\"page\">\n\t\t\t\t\t\t<section class=\"elementor-section elementor-top-section elementor-element elementor-element-854199a elementor-section-boxed elementor-section-height-default elementor-section-height-default\" data-id=\"854199a\" data-element_type=\"section\">\n\t\t\t\t\t\t<div class=\"elementor-container elementor-column-gap-default\">\n\t\t\t\t\t<div class=\"elementor-column elementor-col-100 elementor-top-column elementor-element elementor-element-5060140\" data-id=\"5060140\" data-element_type=\"column\">\n\t\t\t<div class=\"elementor-widget-wrap elementor-element-populated\">\n\t\t\t\t\t\t<div class=\"elementor-element elementor-element-330856e elementor-widget elementor-widget-heading\" data-id=\"330856e\" data-element_type=\"widget\" data-widget_type=\"heading.default\">\n\t\t\t\t<div class=\"elementor-widget-container\">\n\t\t\t\t\t<h1 class=\"elementor-heading-title elementor-size-default\"><b>Programme<\/b><\/h1>\t\t\t\t<\/div>\n\t\t\t\t<\/div>\n\t\t\t\t<div class=\"elementor-element elementor-element-453b8db elementor-widget__width-initial elementor-widget elementor-widget-text-editor\" data-id=\"453b8db\" data-element_type=\"widget\" data-widget_type=\"text-editor.default\">\n\t\t\t\t<div class=\"elementor-widget-container\">\n\t\t\t\t\t\t\t\t\t<p>Pendant <strong>deux jours<\/strong>, vous pouvez visiter Inspire Health &amp; Care pour <strong>des sessions de contenu inspirantes<\/strong> et des conf\u00e9renciers principaux. Vous trouverez l&rsquo;inspiration \u00e0 <strong>quatre endroits<\/strong> pendant Inspire Health &amp; Care.<\/p>\n\t\t\t\t\t\t\t\t<\/div>\n\t\t\t\t<\/div>\n\t\t\t\t<div class=\"elementor-element elementor-element-1bd9fdf elementor-widget__width-initial elementor-hidden-desktop elementor-hidden-tablet elementor-hidden-mobile elementor-widget elementor-widget-text-editor\" data-id=\"1bd9fdf\" data-element_type=\"widget\" data-widget_type=\"text-editor.default\">\n\t\t\t\t<div class=\"elementor-widget-container\">\n\t\t\t\t\t\t\t\t\t<p>Vous pourrez bient\u00f4t acc\u00e9der au programme ici.<\/p>\n\t\t\t\t\t\t\t\t<\/div>\n\t\t\t\t<\/div>\n\t\t\t\t\t<\/div>\n\t\t<\/div>\n\t\t\t\t\t<\/div>\n\t\t<\/section>\n\t\t\t\t<section class=\"elementor-section elementor-top-section elementor-element elementor-element-50fa3e4 elementor-section-boxed elementor-section-height-default elementor-section-height-default\" data-id=\"50fa3e4\" data-element_type=\"section\">\n\t\t\t\t\t\t<div class=\"elementor-container elementor-column-gap-default\">\n\t\t\t\t\t<div class=\"elementor-column elementor-col-100 elementor-top-column elementor-element elementor-element-1a837a6\" data-id=\"1a837a6\" data-element_type=\"column\">\n\t\t\t<div class=\"elementor-widget-wrap elementor-element-populated\">\n\t\t\t\t\t\t<div class=\"elementor-element elementor-element-daff9be elementor-widget elementor-widget-easyfairs-activities\" data-id=\"daff9be\" data-element_type=\"widget\" data-widget_type=\"easyfairs-activities.default\">\n\t\t\t\t<div class=\"elementor-widget-container\">\n\t\t\t\t\t        <div class=\"ef_scheduler scheduler-grid\">\n            <div class=\"view_switch\">\n                <div class=\"view_change hidden\"><span class=\"dashicons dashicons-calendar\"><\/span> View as timesheet<\/div>\n                <div class=\"view_change\"><span class=\"dashicons dashicons-editor-ul\"><\/span> View as list<\/div>\n            <\/div>\n\t\t\t<div class=\"scheduler_tabs\">\n\n           \t\t<input type=\"radio\" class=\"tab_change\" value=\"1\" id=\"scheduletab1\" name=\"tab\" checked>\n\t\t<label for=\"scheduletab1\">mercredi 23 avril<\/label>\n\t\t\t\t<input type=\"radio\" class=\"tab_change\" value=\"2\" id=\"scheduletab2\" name=\"tab\" >\n\t\t<label for=\"scheduletab2\">jeudi 24 avril<\/label>\n\t\t\t\t\t<\/div>\n        <div class='easyfairs-schedule schedule-20250423' id='schedule1'>\t\t\t\t<\/div>\n\t\t\t<style>\n\t\t\t\t.schedule-20250423 {\n\t\t\t\t\tpadding-top: 2em;\n\t\t\t\t}\n\n\t\t\t\t@media screen and (min-width:700px) {\n\t\t\t\t\t.schedule-20250423 {\n\t\t\t\t\t\tdisplay: grid;\n\t\t\t\t\t\tgap: 1em;\n\t\t\t\t\t}\n\t\t\t\t}\n\n\t\t\t\t.schedule-20250423 {\n\n\t\t\t\t\t\tgrid-template-rows:\n\t\t\t\t\t\t\t[tracks] auto\n\n\t\t\t\t\t\t\t;\n\t\t\t\t\t\tgrid-template-columns:\n\t\t\t\t\t\t\t[times] 4.5em\n\t\t\t\t\t\t\t\t\t\t\t\t\t}\n\n\t\t\t\t\t.schedule-20250423 .time-slot {\n\t\t\t\t\t\tdisplay: grid;\n\t\t\t\t\t\tgrid-column: times;\n\t\t\t\t\t\tgrid-column-end: track-0;\n\t\t\t\t\t\tz-index: 1;\n\t\t\t\t\t}\n\t\t\t\t\t}\n\t\t\t\t}\n\t\t\t<\/style>\n\t\t<div class='easyfairs-schedule schedule-20250424 hidden' id='schedule2'>\t\t\t\t<\/div>\n\t\t\t<style>\n\t\t\t\t.schedule-20250424 {\n\t\t\t\t\tpadding-top: 2em;\n\t\t\t\t}\n\n\t\t\t\t@media screen and (min-width:700px) {\n\t\t\t\t\t.schedule-20250424 {\n\t\t\t\t\t\tdisplay: grid;\n\t\t\t\t\t\tgap: 1em;\n\t\t\t\t\t}\n\t\t\t\t}\n\n\t\t\t\t.schedule-20250424 {\n\n\t\t\t\t\t\tgrid-template-rows:\n\t\t\t\t\t\t\t[tracks] auto\n\n\t\t\t\t\t\t\t;\n\t\t\t\t\t\tgrid-template-columns:\n\t\t\t\t\t\t\t[times] 4.5em\n\t\t\t\t\t\t\t\t\t\t\t\t\t}\n\n\t\t\t\t\t.schedule-20250424 .time-slot {\n\t\t\t\t\t\tdisplay: grid;\n\t\t\t\t\t\tgrid-column: times;\n\t\t\t\t\t\tgrid-column-end: track-0;\n\t\t\t\t\t\tz-index: 1;\n\t\t\t\t\t}\n\t\t\t\t\t}\n\t\t\t\t}\n\t\t\t<\/style>\n\t\t\n\t\t\t<style>\n                .session {\n                    cursor:pointer !important;\n                }\n\n\t\t\t\t.view_change {\n\t\t\t\t\tcursor:pointer !important;\n\t\t\t\t\tdisplay:inline-block;\n\t\t\t\t}\n\n\t\t\t\t.view_change .dashicons::before {\n\t\t\t\t\tvertical-align:middle;\n\t\t\t\t\tdisplay:inline-block;\n\t\t\t\t}\n\n\t\t\t\t.view_switch {\n\t\t\t\t\tdisplay: none;\n\t\t\t\t\tpadding:16px;\n\t\t\t\t\tcolor: white;\n\t\t\t\t\tfont-size: 16px;\n\t\t\t\t}\n\n\t\t\t\t.time-slot {\n\t\t\t\t\tdisplay:none;\n\t\t\t\t}\n\n\t\t\t\t.session {\n\t\t\t\t\tdisplay:block;\n\t\t\t\t}\n\n\t\t\t\t.speaker {\n\t\t\t\t\tdisplay: flex;\n\t\t\t\t}\n\n\t\t\t\t.speaker_info {\n\t\t\t\t\tflex-grow: 1;\n\t\t\t\t}\n\n\t\t\t\t.speaker_name {\n\t\t\t\t\tfont-size: 16px;\n\t\t\t\t\tmargin-bottom: 8px;\n\t\t\t\t}\n\n\t\t\t\t.speaker_job_title {\n\t\t\t\t\tfont-size: 14px;\n\t\t\t\t}\n\n\t\t\t\t.session {\n\t\t\t\t\tpadding:16px;\n\t\t\t\t\tbackground-color: #1259B2;\n\t\t\t\t\tcolor: #fff !important;\n\t\t\t\t}\n\n\t\t\t\t.session .speaker .speaker_avatar {\n\t\t\t\t\twidth:32px;\n\t\t\t\t\theight:32px;\n\t\t\t\t\tborder-radius:50%;\n\t\t\t\t\tmargin-right:5px;\n\t\t\t\t}\n\n\t\t\t\t.tab_change {\n\t\t\t\t\tdisplay:none;\n\t\t\t\t}\n\n\t\t\t\t.ef_scheduler label {\n\t\t\t\t\tdisplay: inline-block;\n\t\t\t\t\tfont-size: 16px;\n\t\t\t\t\tpadding: 16px;\n\t\t\t\t\ttext-align: center;\n\t\t\t\t\tbackground: #f4f4f4;\n\t\t\t\t\tcolor: #555;\n\t\t\t\t\tposition: relative;\n\t\t\t\t\ttransition: 0.25s background ease;\n\t\t\t\t\tcursor: pointer;\n\t\t\t\t}\n\n\t\t\t\t@media screen and (min-width:700px) {\n\t\t\t\t\t.view_switch {\n\t\t\t\t\t\tdisplay:block;\n\t\t\t\t\t}\n\n\t\t\t\t\t.ef_scheduler:not(.scheduler-list) .session-location {\n\t\t\t\t\t\tdisplay:none !important;\n\t\t\t\t\t}\n\n\t\t\t\t}\n\n                @media screen and (max-width:699px) {\n                    .scheduler_tabs label {\n                        display:inline-block;\n                        float:left;\n                        width:50%;\n                    }\n\n                    .time-slot {\n                        display:none !important;\n                    }\n                }\n\n\t\t\t\t.scheduler-list .track-slot,\n\t\t\t\t.scheduler-list .time-slot {\n\t\t\t\t\tdisplay: none;\n\t\t\t\t}\n\n\t\t\t\t.scheduler-list .session-location {\n\t\t\t\t\tdisplay: inline-block;\n\t\t\t\t}\n\n\t\t\t\t@supports( display:grid ) {\n\t\t\t\t\t@media screen and (min-width:700px) {\n\t\t\t\t\t\t.ef_scheduler:not(.scheduler-list) .track-slot {\n\t\t\t\t\t\t\tdisplay: block;\n\t\t\t\t\t\t\tpadding: 10px 5px 5px;\n\t\t\t\t\t\t\tposition: sticky;\n\t\t\t\t\t\t\ttop: 0px;\n\t\t\t\t\t\t\tz-index: 1000;\n\t\t\t\t\t\t\tbackground-color: rgba(255,255,255,.9);\n\t\t\t\t\t\t}\n\n\t\t\t\t\t\t.session {\n\t\t\t\t\t\t\tmargin: 0;\n\t\t\t\t\t\t}\n\t\t\t\t\t}\n\t\t\t\t}\n                .easyfairs-schedule {\n                    clear:left;\n                }\n\n\t\t\t\t.scheduler-list .easyfairs-schedule {\n\t\t\t\t\tdisplay:block;\n\t\t\t\t}\n\n\t\t\t\t\/* Small-screen & fallback styles *\/\n\t\t\t\t.session {\n\t\t\t\t\tmargin-bottom:  1em;\n\t\t\t\t}\n\n\t\t\t\t.track-slot {\n\t\t\t\t\tdisplay:none;\n\t\t\t\t}\n\n\t\t\t\t.session {\n\t\t\t\t\tpadding: 16px;\n\t\t\t\t\tz-index:2;\n\t\t\t\t}\n\n\t\t\t\t.session-time {\n\t\t\t\t\tfont-size:16px;\n\t\t\t\t}\n\n\t\t\t\t.session-location {\n\t\t\t\t\tdisplay:inline-block;\n\t\t\t\t}\n\n\t\t\t\t.session_speakers {\n\t\t\t\t\tmargin-top:24px;\n\t\t\t\t}\n\n\t\t\t\t.session-title,\n\t\t\t\t {\n\t\t\t\t\tdisplay: block;\n\t\t\t\t }\n\n\t\t\t\t.session-time {\n\t\t\t\t\tdisplay: inline-block;\n\t\t\t\t}\n\n\t\t\t\t.session-title {\n\t\t\t\t\tmargin-bottom:8px;\n\t\t\t\t}\n\n\t\t\t\t.session-title,\n\t\t\t\t.time-slot {\n\t\t\t\t\tz-index:1;\n\t\t\t\t\tmargin: 0;\n\t\t\t\t\tfont-weight: 700;\n\t\t\t\t\tfont-size: 16px;\n\t\t\t\t}\n\n\t\t\t\t.track-all {\n\t\t\t\t\tdisplay: flex;\n\t\t\t\t\tjustify-content: center;\n\t\t\t\t\talign-items: center;\n\t\t\t\t\tbackground: #ccc;\n\t\t\t\t\tcolor: #000;\n\t\t\t\t\tbox-shadow: none;\n\t\t\t\t}\n\t\t\t<\/style>\n        <\/div>\t\t\t\t<\/div>\n\t\t\t\t<\/div>\n\t\t\t\t<div class=\"elementor-element elementor-element-17c5785 elementor-align-center elementor-hidden-desktop elementor-hidden-tablet elementor-hidden-mobile elementor-widget elementor-widget-dynamic-button\" data-id=\"17c5785\" data-element_type=\"widget\" data-widget_type=\"dynamic-button.default\">\n\t\t\t\t<div class=\"elementor-widget-container\">\n\t\t\t\t\t        <div class=\"elementor-button-wrapper\">\n            <a href=\"https:\/\/register.visitcloud.com\/survey\/0pof4o4hy3e81\" class=\"elementor-button-link elementor-button elementor-size-sm\" role=\"button\">\n                        <span class=\"elementor-button-content-wrapper\">\n\t\t\t                <span class=\"elementor-button-icon elementor-align-icon-right\">\n\t\t\t\t<i aria-hidden=\"true\" class=\"fas fa-long-arrow-alt-right\"><\/i>\t\t\t<\/span>\n            \t\t\t<span class=\"elementor-button-text\">Enregistrez-vous<\/span>\n\t\t<\/span>\n                    <\/a>\n        <\/div>\n        \t\t\t\t<\/div>\n\t\t\t\t<\/div>\n\t\t\t\t\t<\/div>\n\t\t<\/div>\n\t\t\t\t\t<\/div>\n\t\t<\/section>\n\t\t\t\t<\/div>\n\t\t","protected":false},"excerpt":{"rendered":"<p>Programme Pendant deux jours, vous pouvez visiter Inspire Health &amp; Care pour des sessions de contenu inspirantes et des conf\u00e9renciers principaux. Vous trouverez l&rsquo;inspiration \u00e0 quatre endroits pendant Inspire Health &amp; Care. Vous pourrez bient\u00f4t acc\u00e9der au programme ici. View as timesheet View as list woensdag 23 april donderdag 24 april Feestelijke opening door Vlaams [&hellip;]<\/p>\n","protected":false},"author":1000,"featured_media":41686,"parent":0,"menu_order":0,"comment_status":"closed","ping_status":"closed","template":"","meta":{"_seopress_robots_primary_cat":"","_seopress_titles_title":"Programme | Inspire Health & Care","_seopress_titles_desc":"D\u00e9couvrez notre gamme de conf\u00e9rences et d'ateliers inspirants.","_seopress_robots_index":"","footnotes":""},"class_list":["post-9089","page","type-page","status-publish","has-post-thumbnail","hentry"],"_links":{"self":[{"href":"https:\/\/www.health-care.be\/fr\/wp-json\/wp\/v2\/pages\/9089","targetHints":{"allow":["GET"]}}],"collection":[{"href":"https:\/\/www.health-care.be\/fr\/wp-json\/wp\/v2\/pages"}],"about":[{"href":"https:\/\/www.health-care.be\/fr\/wp-json\/wp\/v2\/types\/page"}],"author":[{"embeddable":true,"href":"https:\/\/www.health-care.be\/fr\/wp-json\/wp\/v2\/users\/1000"}],"replies":[{"embeddable":true,"href":"https:\/\/www.health-care.be\/fr\/wp-json\/wp\/v2\/comments?post=9089"}],"version-history":[{"count":5,"href":"https:\/\/www.health-care.be\/fr\/wp-json\/wp\/v2\/pages\/9089\/revisions"}],"predecessor-version":[{"id":78639,"href":"https:\/\/www.health-care.be\/fr\/wp-json\/wp\/v2\/pages\/9089\/revisions\/78639"}],"wp:featuredmedia":[{"embeddable":true,"href":"https:\/\/www.health-care.be\/fr\/wp-json\/wp\/v2\/media\/41686"}],"wp:attachment":[{"href":"https:\/\/www.health-care.be\/fr\/wp-json\/wp\/v2\/media?parent=9089"}],"curies":[{"name":"wp","href":"https:\/\/api.w.org\/{rel}","templated":true}]}}