{"id":9087,"date":"2020-06-10T12:49:05","date_gmt":"2020-06-10T11:49:05","guid":{"rendered":"https:\/\/www.health-care.be\/informations-pratiques\/presse\/"},"modified":"2025-07-02T13:39:42","modified_gmt":"2025-07-02T12:39:42","slug":"presse","status":"publish","type":"page","link":"https:\/\/www.health-care.be\/fr\/informations-pratiques\/presse\/","title":{"rendered":"presse"},"content":{"rendered":"\t\t<div data-elementor-type=\"wp-post\" data-elementor-id=\"9087\" class=\"elementor elementor-9087 elementor-192\" data-elementor-post-type=\"page\">\n\t\t\t\t\t\t<section class=\"elementor-section elementor-top-section elementor-element elementor-element-846a0de elementor-section-boxed elementor-section-height-default elementor-section-height-default\" data-id=\"846a0de\" data-element_type=\"section\">\n\t\t\t\t\t\t<div class=\"elementor-container elementor-column-gap-default\">\n\t\t\t\t\t<div class=\"elementor-column elementor-col-100 elementor-top-column elementor-element elementor-element-4fd7372\" data-id=\"4fd7372\" data-element_type=\"column\">\n\t\t\t<div class=\"elementor-widget-wrap elementor-element-populated\">\n\t\t\t\t\t\t<div class=\"elementor-element elementor-element-17fae8b elementor-widget elementor-widget-heading\" data-id=\"17fae8b\" data-element_type=\"widget\" data-widget_type=\"heading.default\">\n\t\t\t\t<div class=\"elementor-widget-container\">\n\t\t\t\t\t<h1 class=\"elementor-heading-title elementor-size-default\">zone de presse <\/h1>\t\t\t\t<\/div>\n\t\t\t\t<\/div>\n\t\t\t\t<div class=\"elementor-element elementor-element-7088f90 elementor-widget elementor-widget-text-editor\" data-id=\"7088f90\" data-element_type=\"widget\" data-widget_type=\"text-editor.default\">\n\t\t\t\t<div class=\"elementor-widget-container\">\n\t\t\t\t\t\t\t\t\t<p><span style=\"font-size: 16px;\">Contact presse, downloads, photos et vid\u00e9os, \u2026<\/span><\/p>\n\t\t\t\t\t\t\t\t<\/div>\n\t\t\t\t<\/div>\n\t\t\t\t\t<\/div>\n\t\t<\/div>\n\t\t\t\t\t<\/div>\n\t\t<\/section>\n\t\t\t\t<section class=\"elementor-section elementor-top-section elementor-element elementor-element-0093d40 elementor-section-content-middle animated-fast elementor-section-boxed elementor-section-height-default elementor-section-height-default elementor-invisible\" data-id=\"0093d40\" data-element_type=\"section\" data-settings=\"{&quot;background_background&quot;:&quot;classic&quot;,&quot;animation&quot;:&quot;fadeIn&quot;}\">\n\t\t\t\t\t\t<div class=\"elementor-container elementor-column-gap-no\">\n\t\t\t\t\t<div class=\"elementor-column elementor-col-50 elementor-top-column elementor-element elementor-element-98f18c2\" data-id=\"98f18c2\" data-element_type=\"column\" data-settings=\"{&quot;background_background&quot;:&quot;classic&quot;}\">\n\t\t\t<div class=\"elementor-widget-wrap elementor-element-populated\">\n\t\t\t\t\t\t<div class=\"elementor-element elementor-element-f5a4f6d elementor-view-stacked elementor-position-left elementor-shape-circle elementor-mobile-position-top elementor-widget elementor-widget-icon-box\" data-id=\"f5a4f6d\" data-element_type=\"widget\" data-widget_type=\"icon-box.default\">\n\t\t\t\t<div class=\"elementor-widget-container\">\n\t\t\t\t\t\t\t<div class=\"elementor-icon-box-wrapper\">\n\n\t\t\t\t\t\t<div class=\"elementor-icon-box-icon\">\n\t\t\t\t<span  class=\"elementor-icon\">\n\t\t\t\t<i aria-hidden=\"true\" class=\"fas fa-download\"><\/i>\t\t\t\t<\/span>\n\t\t\t<\/div>\n\t\t\t\n\t\t\t\t\t\t<div class=\"elementor-icon-box-content\">\n\n\t\t\t\t\t\t\t\t\t<h3 class=\"elementor-icon-box-title\">\n\t\t\t\t\t\t<span  >\n\t\t\t\t\t\t\tT\u00e9l\u00e9chargements\t\t\t\t\t\t<\/span>\n\t\t\t\t\t<\/h3>\n\t\t\t\t\n\t\t\t\t\t\t\t\t\t<p class=\"elementor-icon-box-description\">\n\t\t\t\t\t\tT\u00e9l\u00e9chargez des logos, banni\u00e8res, brochures, etc. d'Inspire Health &amp; Care. Cette section sera r\u00e9guli\u00e8rement mise \u00e0 jour.\t\t\t\t\t<\/p>\n\t\t\t\t\n\t\t\t<\/div>\n\t\t\t\n\t\t<\/div>\n\t\t\t\t\t\t<\/div>\n\t\t\t\t<\/div>\n\t\t\t\t<div class=\"elementor-element elementor-element-188cccf elementor-icon-list--layout-traditional elementor-list-item-link-full_width elementor-widget elementor-widget-icon-list\" data-id=\"188cccf\" data-element_type=\"widget\" data-widget_type=\"icon-list.default\">\n\t\t\t\t<div class=\"elementor-widget-container\">\n\t\t\t\t\t\t\t<ul class=\"elementor-icon-list-items\">\n\t\t\t\t\t\t\t<li class=\"elementor-icon-list-item\">\n\t\t\t\t\t\t\t\t\t\t\t<a href=\"https:\/\/easyfairsassets.com\/sites\/146\/2022\/09\/Inspire-Health-and-Care-logo-zwart-2.png\">\n\n\t\t\t\t\t\t\t\t\t\t\t\t<span class=\"elementor-icon-list-icon\">\n\t\t\t\t\t\t\t<i aria-hidden=\"true\" class=\"fas fa-arrow-circle-right\"><\/i>\t\t\t\t\t\t<\/span>\n\t\t\t\t\t\t\t\t\t\t<span class=\"elementor-icon-list-text\">logo inspire health&amp;care<\/span>\n\t\t\t\t\t\t\t\t\t\t\t<\/a>\n\t\t\t\t\t\t\t\t\t<\/li>\n\t\t\t\t\t\t<\/ul>\n\t\t\t\t\t\t<\/div>\n\t\t\t\t<\/div>\n\t\t\t\t\t<\/div>\n\t\t<\/div>\n\t\t\t\t<div class=\"elementor-column elementor-col-50 elementor-top-column elementor-element elementor-element-015d87f\" data-id=\"015d87f\" data-element_type=\"column\" data-settings=\"{&quot;background_background&quot;:&quot;classic&quot;}\">\n\t\t\t<div class=\"elementor-widget-wrap elementor-element-populated\">\n\t\t\t\t\t\t<div class=\"elementor-element elementor-element-d0ff4f8 elementor-view-stacked elementor-position-left elementor-shape-circle elementor-mobile-position-top elementor-widget elementor-widget-icon-box\" data-id=\"d0ff4f8\" data-element_type=\"widget\" data-widget_type=\"icon-box.default\">\n\t\t\t\t<div class=\"elementor-widget-container\">\n\t\t\t\t\t\t\t<div class=\"elementor-icon-box-wrapper\">\n\n\t\t\t\t\t\t<div class=\"elementor-icon-box-icon\">\n\t\t\t\t<span  class=\"elementor-icon\">\n\t\t\t\t<i aria-hidden=\"true\" class=\"fas fa-camera\"><\/i>\t\t\t\t<\/span>\n\t\t\t<\/div>\n\t\t\t\n\t\t\t\t\t\t<div class=\"elementor-icon-box-content\">\n\n\t\t\t\t\t\t\t\t\t<h3 class=\"elementor-icon-box-title\">\n\t\t\t\t\t\t<span  >\n\t\t\t\t\t\t\tPhotos &amp; vid\u00e9os\t\t\t\t\t\t<\/span>\n\t\t\t\t\t<\/h3>\n\t\t\t\t\n\t\t\t\t\t\t\t\t\t<p class=\"elementor-icon-box-description\">\n\t\t\t\t\t\tCi-dessous, vous trouverez des images de Inspire Health &amp; Care 2025. Vous cherchez des photos en haute r\u00e9solution? Envoyez un e-mail \u00e0 inspire@health-care.be.<br>\t\t\t\t\t<\/p>\n\t\t\t\t\n\t\t\t<\/div>\n\t\t\t\n\t\t<\/div>\n\t\t\t\t\t\t<\/div>\n\t\t\t\t<\/div>\n\t\t\t\t\t<\/div>\n\t\t<\/div>\n\t\t\t\t\t<\/div>\n\t\t<\/section>\n\t\t<div class=\"elementor-element elementor-element-3b1d104 e-flex e-con-boxed e-con e-parent\" data-id=\"3b1d104\" data-element_type=\"container\">\n\t\t\t\t\t<div class=\"e-con-inner\">\n\t\t\t\t<div class=\"elementor-element elementor-element-42d87f5 elementor-widget elementor-widget-gallery\" data-id=\"42d87f5\" data-element_type=\"widget\" data-settings=\"{&quot;gallery_layout&quot;:&quot;justified&quot;,&quot;lazyload&quot;:&quot;yes&quot;,&quot;ideal_row_height&quot;:{&quot;unit&quot;:&quot;px&quot;,&quot;size&quot;:200,&quot;sizes&quot;:[]},&quot;ideal_row_height_tablet&quot;:{&quot;unit&quot;:&quot;px&quot;,&quot;size&quot;:150,&quot;sizes&quot;:[]},&quot;ideal_row_height_mobile&quot;:{&quot;unit&quot;:&quot;px&quot;,&quot;size&quot;:150,&quot;sizes&quot;:[]},&quot;gap&quot;:{&quot;unit&quot;:&quot;px&quot;,&quot;size&quot;:10,&quot;sizes&quot;:[]},&quot;gap_tablet&quot;:{&quot;unit&quot;:&quot;px&quot;,&quot;size&quot;:10,&quot;sizes&quot;:[]},&quot;gap_mobile&quot;:{&quot;unit&quot;:&quot;px&quot;,&quot;size&quot;:10,&quot;sizes&quot;:[]},&quot;link_to&quot;:&quot;file&quot;,&quot;overlay_background&quot;:&quot;yes&quot;,&quot;content_hover_animation&quot;:&quot;fade-in&quot;}\" data-widget_type=\"gallery.default\">\n\t\t\t\t<div class=\"elementor-widget-container\">\n\t\t\t\t\t\t\t<div class=\"elementor-gallery__container\">\n\t\t\t\t\t\t\t<a class=\"e-gallery-item elementor-gallery-item elementor-animated-content\" href=\"https:\/\/easyfairsassets.com\/sites\/146\/2025\/05\/IMGL5134.jpg\" data-elementor-open-lightbox=\"yes\" data-elementor-lightbox-slideshow=\"42d87f5\" data-elementor-lightbox-title=\"IMGL5134\" data-e-action-hash=\"#elementor-action%3Aaction%3Dlightbox%26settings%3DeyJpZCI6NzgyMjcsInVybCI6Imh0dHBzOlwvXC9oZWFsdGgtY2FyZS5lYXN5ZmFpcnMubmV0d29ya1wvd3AtY29udGVudFwvdXBsb2Fkc1wvc2l0ZXNcLzE0NlwvMjAyNVwvMDVcL0lNR0w1MTM0LmpwZyIsInNsaWRlc2hvdyI6IjQyZDg3ZjUifQ%3D%3D\">\n\t\t\t\t\t<div class=\"e-gallery-image elementor-gallery-item__image\" data-thumbnail=\"https:\/\/easyfairsassets.com\/sites\/146\/2025\/05\/IMGL5134-300x200.jpg\" data-width=\"300\" data-height=\"200\" aria-label=\"\" role=\"img\" ><\/div>\n\t\t\t\t\t\t\t\t\t\t\t<div class=\"elementor-gallery-item__overlay\"><\/div>\n\t\t\t\t\t\t\t\t\t\t\t\t\t\t<\/a>\n\t\t\t\t\t\t\t<a class=\"e-gallery-item elementor-gallery-item elementor-animated-content\" href=\"https:\/\/easyfairsassets.com\/sites\/146\/2025\/05\/IMGL4836.jpg\" data-elementor-open-lightbox=\"yes\" data-elementor-lightbox-slideshow=\"42d87f5\" data-elementor-lightbox-title=\"IMGL4836\" data-e-action-hash=\"#elementor-action%3Aaction%3Dlightbox%26settings%3DeyJpZCI6NzgyMjUsInVybCI6Imh0dHBzOlwvXC9oZWFsdGgtY2FyZS5lYXN5ZmFpcnMubmV0d29ya1wvd3AtY29udGVudFwvdXBsb2Fkc1wvc2l0ZXNcLzE0NlwvMjAyNVwvMDVcL0lNR0w0ODM2LmpwZyIsInNsaWRlc2hvdyI6IjQyZDg3ZjUifQ%3D%3D\">\n\t\t\t\t\t<div class=\"e-gallery-image elementor-gallery-item__image\" data-thumbnail=\"https:\/\/easyfairsassets.com\/sites\/146\/2025\/05\/IMGL4836-300x200.jpg\" data-width=\"300\" data-height=\"200\" aria-label=\"\" role=\"img\" ><\/div>\n\t\t\t\t\t\t\t\t\t\t\t<div class=\"elementor-gallery-item__overlay\"><\/div>\n\t\t\t\t\t\t\t\t\t\t\t\t\t\t<\/a>\n\t\t\t\t\t\t\t<a class=\"e-gallery-item elementor-gallery-item elementor-animated-content\" href=\"https:\/\/easyfairsassets.com\/sites\/146\/2025\/05\/IMGL4826.jpg\" data-elementor-open-lightbox=\"yes\" data-elementor-lightbox-slideshow=\"42d87f5\" data-elementor-lightbox-title=\"IMGL4826\" data-e-action-hash=\"#elementor-action%3Aaction%3Dlightbox%26settings%3DeyJpZCI6NzgyMjMsInVybCI6Imh0dHBzOlwvXC9oZWFsdGgtY2FyZS5lYXN5ZmFpcnMubmV0d29ya1wvd3AtY29udGVudFwvdXBsb2Fkc1wvc2l0ZXNcLzE0NlwvMjAyNVwvMDVcL0lNR0w0ODI2LmpwZyIsInNsaWRlc2hvdyI6IjQyZDg3ZjUifQ%3D%3D\">\n\t\t\t\t\t<div class=\"e-gallery-image elementor-gallery-item__image\" data-thumbnail=\"https:\/\/easyfairsassets.com\/sites\/146\/2025\/05\/IMGL4826-300x200.jpg\" data-width=\"300\" data-height=\"200\" aria-label=\"\" role=\"img\" ><\/div>\n\t\t\t\t\t\t\t\t\t\t\t<div class=\"elementor-gallery-item__overlay\"><\/div>\n\t\t\t\t\t\t\t\t\t\t\t\t\t\t<\/a>\n\t\t\t\t\t\t\t<a class=\"e-gallery-item elementor-gallery-item elementor-animated-content\" href=\"https:\/\/easyfairsassets.com\/sites\/146\/2025\/05\/IMGL4750-1.jpg\" data-elementor-open-lightbox=\"yes\" data-elementor-lightbox-slideshow=\"42d87f5\" data-elementor-lightbox-title=\"IMGL4750\" data-e-action-hash=\"#elementor-action%3Aaction%3Dlightbox%26settings%3DeyJpZCI6NzgyMjEsInVybCI6Imh0dHBzOlwvXC9oZWFsdGgtY2FyZS5lYXN5ZmFpcnMubmV0d29ya1wvd3AtY29udGVudFwvdXBsb2Fkc1wvc2l0ZXNcLzE0NlwvMjAyNVwvMDVcL0lNR0w0NzUwLTEuanBnIiwic2xpZGVzaG93IjoiNDJkODdmNSJ9\">\n\t\t\t\t\t<div class=\"e-gallery-image elementor-gallery-item__image\" data-thumbnail=\"https:\/\/easyfairsassets.com\/sites\/146\/2025\/05\/IMGL4750-1-300x200.jpg\" data-width=\"300\" data-height=\"200\" aria-label=\"\" role=\"img\" ><\/div>\n\t\t\t\t\t\t\t\t\t\t\t<div class=\"elementor-gallery-item__overlay\"><\/div>\n\t\t\t\t\t\t\t\t\t\t\t\t\t\t<\/a>\n\t\t\t\t\t\t\t<a class=\"e-gallery-item elementor-gallery-item elementor-animated-content\" href=\"https:\/\/easyfairsassets.com\/sites\/146\/2025\/05\/IMGL4678.jpg\" data-elementor-open-lightbox=\"yes\" data-elementor-lightbox-slideshow=\"42d87f5\" data-elementor-lightbox-title=\"IMGL4678\" data-e-action-hash=\"#elementor-action%3Aaction%3Dlightbox%26settings%3DeyJpZCI6NzgyMTksInVybCI6Imh0dHBzOlwvXC9oZWFsdGgtY2FyZS5lYXN5ZmFpcnMubmV0d29ya1wvd3AtY29udGVudFwvdXBsb2Fkc1wvc2l0ZXNcLzE0NlwvMjAyNVwvMDVcL0lNR0w0Njc4LmpwZyIsInNsaWRlc2hvdyI6IjQyZDg3ZjUifQ%3D%3D\">\n\t\t\t\t\t<div class=\"e-gallery-image elementor-gallery-item__image\" data-thumbnail=\"https:\/\/easyfairsassets.com\/sites\/146\/2025\/05\/IMGL4678-300x200.jpg\" data-width=\"300\" data-height=\"200\" aria-label=\"\" role=\"img\" ><\/div>\n\t\t\t\t\t\t\t\t\t\t\t<div class=\"elementor-gallery-item__overlay\"><\/div>\n\t\t\t\t\t\t\t\t\t\t\t\t\t\t<\/a>\n\t\t\t\t\t\t\t<a class=\"e-gallery-item elementor-gallery-item elementor-animated-content\" href=\"https:\/\/easyfairsassets.com\/sites\/146\/2025\/05\/IMGL4658.jpg\" data-elementor-open-lightbox=\"yes\" data-elementor-lightbox-slideshow=\"42d87f5\" data-elementor-lightbox-title=\"IMGL4658\" data-e-action-hash=\"#elementor-action%3Aaction%3Dlightbox%26settings%3DeyJpZCI6NzgyMTcsInVybCI6Imh0dHBzOlwvXC9oZWFsdGgtY2FyZS5lYXN5ZmFpcnMubmV0d29ya1wvd3AtY29udGVudFwvdXBsb2Fkc1wvc2l0ZXNcLzE0NlwvMjAyNVwvMDVcL0lNR0w0NjU4LmpwZyIsInNsaWRlc2hvdyI6IjQyZDg3ZjUifQ%3D%3D\">\n\t\t\t\t\t<div class=\"e-gallery-image elementor-gallery-item__image\" data-thumbnail=\"https:\/\/easyfairsassets.com\/sites\/146\/2025\/05\/IMGL4658-300x200.jpg\" data-width=\"300\" data-height=\"200\" aria-label=\"\" role=\"img\" ><\/div>\n\t\t\t\t\t\t\t\t\t\t\t<div class=\"elementor-gallery-item__overlay\"><\/div>\n\t\t\t\t\t\t\t\t\t\t\t\t\t\t<\/a>\n\t\t\t\t\t\t\t<a class=\"e-gallery-item elementor-gallery-item elementor-animated-content\" href=\"https:\/\/easyfairsassets.com\/sites\/146\/2025\/05\/IMGL5286.jpg\" data-elementor-open-lightbox=\"yes\" data-elementor-lightbox-slideshow=\"42d87f5\" data-elementor-lightbox-title=\"IMGL5286\" data-e-action-hash=\"#elementor-action%3Aaction%3Dlightbox%26settings%3DeyJpZCI6NzgyMTMsInVybCI6Imh0dHBzOlwvXC9oZWFsdGgtY2FyZS5lYXN5ZmFpcnMubmV0d29ya1wvd3AtY29udGVudFwvdXBsb2Fkc1wvc2l0ZXNcLzE0NlwvMjAyNVwvMDVcL0lNR0w1Mjg2LmpwZyIsInNsaWRlc2hvdyI6IjQyZDg3ZjUifQ%3D%3D\">\n\t\t\t\t\t<div class=\"e-gallery-image elementor-gallery-item__image\" data-thumbnail=\"https:\/\/easyfairsassets.com\/sites\/146\/2025\/05\/IMGL5286-300x200.jpg\" data-width=\"300\" data-height=\"200\" aria-label=\"\" role=\"img\" ><\/div>\n\t\t\t\t\t\t\t\t\t\t\t<div class=\"elementor-gallery-item__overlay\"><\/div>\n\t\t\t\t\t\t\t\t\t\t\t\t\t\t<\/a>\n\t\t\t\t\t\t\t<a class=\"e-gallery-item elementor-gallery-item elementor-animated-content\" href=\"https:\/\/easyfairsassets.com\/sites\/146\/2025\/05\/IMGL5133.jpg\" data-elementor-open-lightbox=\"yes\" data-elementor-lightbox-slideshow=\"42d87f5\" data-elementor-lightbox-title=\"IMGL5133\" data-e-action-hash=\"#elementor-action%3Aaction%3Dlightbox%26settings%3DeyJpZCI6NzgyMTEsInVybCI6Imh0dHBzOlwvXC9oZWFsdGgtY2FyZS5lYXN5ZmFpcnMubmV0d29ya1wvd3AtY29udGVudFwvdXBsb2Fkc1wvc2l0ZXNcLzE0NlwvMjAyNVwvMDVcL0lNR0w1MTMzLmpwZyIsInNsaWRlc2hvdyI6IjQyZDg3ZjUifQ%3D%3D\">\n\t\t\t\t\t<div class=\"e-gallery-image elementor-gallery-item__image\" data-thumbnail=\"https:\/\/easyfairsassets.com\/sites\/146\/2025\/05\/IMGL5133-300x200.jpg\" data-width=\"300\" data-height=\"200\" aria-label=\"\" role=\"img\" ><\/div>\n\t\t\t\t\t\t\t\t\t\t\t<div class=\"elementor-gallery-item__overlay\"><\/div>\n\t\t\t\t\t\t\t\t\t\t\t\t\t\t<\/a>\n\t\t\t\t\t\t\t<a class=\"e-gallery-item elementor-gallery-item elementor-animated-content\" href=\"https:\/\/easyfairsassets.com\/sites\/146\/2025\/05\/IMGL4750.jpg\" data-elementor-open-lightbox=\"yes\" data-elementor-lightbox-slideshow=\"42d87f5\" data-elementor-lightbox-title=\"IMGL4750\" data-e-action-hash=\"#elementor-action%3Aaction%3Dlightbox%26settings%3DeyJpZCI6NzgyMDksInVybCI6Imh0dHBzOlwvXC9oZWFsdGgtY2FyZS5lYXN5ZmFpcnMubmV0d29ya1wvd3AtY29udGVudFwvdXBsb2Fkc1wvc2l0ZXNcLzE0NlwvMjAyNVwvMDVcL0lNR0w0NzUwLmpwZyIsInNsaWRlc2hvdyI6IjQyZDg3ZjUifQ%3D%3D\">\n\t\t\t\t\t<div class=\"e-gallery-image elementor-gallery-item__image\" data-thumbnail=\"https:\/\/easyfairsassets.com\/sites\/146\/2025\/05\/IMGL4750-300x200.jpg\" data-width=\"300\" data-height=\"200\" aria-label=\"\" role=\"img\" ><\/div>\n\t\t\t\t\t\t\t\t\t\t\t<div class=\"elementor-gallery-item__overlay\"><\/div>\n\t\t\t\t\t\t\t\t\t\t\t\t\t\t<\/a>\n\t\t\t\t\t\t\t<a class=\"e-gallery-item elementor-gallery-item elementor-animated-content\" href=\"https:\/\/easyfairsassets.com\/sites\/146\/2025\/05\/IMGL4719.jpg\" data-elementor-open-lightbox=\"yes\" data-elementor-lightbox-slideshow=\"42d87f5\" data-elementor-lightbox-title=\"IMGL4719\" data-e-action-hash=\"#elementor-action%3Aaction%3Dlightbox%26settings%3DeyJpZCI6NzgyMDcsInVybCI6Imh0dHBzOlwvXC9oZWFsdGgtY2FyZS5lYXN5ZmFpcnMubmV0d29ya1wvd3AtY29udGVudFwvdXBsb2Fkc1wvc2l0ZXNcLzE0NlwvMjAyNVwvMDVcL0lNR0w0NzE5LmpwZyIsInNsaWRlc2hvdyI6IjQyZDg3ZjUifQ%3D%3D\">\n\t\t\t\t\t<div class=\"e-gallery-image elementor-gallery-item__image\" data-thumbnail=\"https:\/\/easyfairsassets.com\/sites\/146\/2025\/05\/IMGL4719-300x200.jpg\" data-width=\"300\" data-height=\"200\" aria-label=\"\" role=\"img\" ><\/div>\n\t\t\t\t\t\t\t\t\t\t\t<div class=\"elementor-gallery-item__overlay\"><\/div>\n\t\t\t\t\t\t\t\t\t\t\t\t\t\t<\/a>\n\t\t\t\t\t\t\t<a class=\"e-gallery-item elementor-gallery-item elementor-animated-content\" href=\"https:\/\/easyfairsassets.com\/sites\/146\/2025\/05\/IMGL4698-1.jpg\" data-elementor-open-lightbox=\"yes\" data-elementor-lightbox-slideshow=\"42d87f5\" data-elementor-lightbox-title=\"IMGL4698 (1)\" data-e-action-hash=\"#elementor-action%3Aaction%3Dlightbox%26settings%3DeyJpZCI6NzgyMDUsInVybCI6Imh0dHBzOlwvXC9oZWFsdGgtY2FyZS5lYXN5ZmFpcnMubmV0d29ya1wvd3AtY29udGVudFwvdXBsb2Fkc1wvc2l0ZXNcLzE0NlwvMjAyNVwvMDVcL0lNR0w0Njk4LTEuanBnIiwic2xpZGVzaG93IjoiNDJkODdmNSJ9\">\n\t\t\t\t\t<div class=\"e-gallery-image elementor-gallery-item__image\" data-thumbnail=\"https:\/\/easyfairsassets.com\/sites\/146\/2025\/05\/IMGL4698-1-200x300.jpg\" data-width=\"200\" data-height=\"300\" aria-label=\"\" role=\"img\" ><\/div>\n\t\t\t\t\t\t\t\t\t\t\t<div class=\"elementor-gallery-item__overlay\"><\/div>\n\t\t\t\t\t\t\t\t\t\t\t\t\t\t<\/a>\n\t\t\t\t\t\t\t<a class=\"e-gallery-item elementor-gallery-item elementor-animated-content\" href=\"https:\/\/easyfairsassets.com\/sites\/146\/2025\/05\/IMGL4546.jpg\" data-elementor-open-lightbox=\"yes\" data-elementor-lightbox-slideshow=\"42d87f5\" data-elementor-lightbox-title=\"IMGL4546\" data-e-action-hash=\"#elementor-action%3Aaction%3Dlightbox%26settings%3DeyJpZCI6NzgyMDMsInVybCI6Imh0dHBzOlwvXC9oZWFsdGgtY2FyZS5lYXN5ZmFpcnMubmV0d29ya1wvd3AtY29udGVudFwvdXBsb2Fkc1wvc2l0ZXNcLzE0NlwvMjAyNVwvMDVcL0lNR0w0NTQ2LmpwZyIsInNsaWRlc2hvdyI6IjQyZDg3ZjUifQ%3D%3D\">\n\t\t\t\t\t<div class=\"e-gallery-image elementor-gallery-item__image\" data-thumbnail=\"https:\/\/easyfairsassets.com\/sites\/146\/2025\/05\/IMGL4546-300x200.jpg\" data-width=\"300\" data-height=\"200\" aria-label=\"\" role=\"img\" ><\/div>\n\t\t\t\t\t\t\t\t\t\t\t<div class=\"elementor-gallery-item__overlay\"><\/div>\n\t\t\t\t\t\t\t\t\t\t\t\t\t\t<\/a>\n\t\t\t\t\t\t\t<a class=\"e-gallery-item elementor-gallery-item elementor-animated-content\" href=\"https:\/\/easyfairsassets.com\/sites\/146\/2025\/05\/IMGL4542.jpg\" data-elementor-open-lightbox=\"yes\" data-elementor-lightbox-slideshow=\"42d87f5\" data-elementor-lightbox-title=\"IMGL4542\" data-e-action-hash=\"#elementor-action%3Aaction%3Dlightbox%26settings%3DeyJpZCI6NzgyMDEsInVybCI6Imh0dHBzOlwvXC9oZWFsdGgtY2FyZS5lYXN5ZmFpcnMubmV0d29ya1wvd3AtY29udGVudFwvdXBsb2Fkc1wvc2l0ZXNcLzE0NlwvMjAyNVwvMDVcL0lNR0w0NTQyLmpwZyIsInNsaWRlc2hvdyI6IjQyZDg3ZjUifQ%3D%3D\">\n\t\t\t\t\t<div class=\"e-gallery-image elementor-gallery-item__image\" data-thumbnail=\"https:\/\/easyfairsassets.com\/sites\/146\/2025\/05\/IMGL4542-300x200.jpg\" data-width=\"300\" data-height=\"200\" aria-label=\"\" role=\"img\" ><\/div>\n\t\t\t\t\t\t\t\t\t\t\t<div class=\"elementor-gallery-item__overlay\"><\/div>\n\t\t\t\t\t\t\t\t\t\t\t\t\t\t<\/a>\n\t\t\t\t\t\t\t<a class=\"e-gallery-item elementor-gallery-item elementor-animated-content\" href=\"https:\/\/easyfairsassets.com\/sites\/146\/2025\/05\/IMGL4521.jpg\" data-elementor-open-lightbox=\"yes\" data-elementor-lightbox-slideshow=\"42d87f5\" data-elementor-lightbox-title=\"IMGL4521\" data-e-action-hash=\"#elementor-action%3Aaction%3Dlightbox%26settings%3DeyJpZCI6NzgxOTksInVybCI6Imh0dHBzOlwvXC9oZWFsdGgtY2FyZS5lYXN5ZmFpcnMubmV0d29ya1wvd3AtY29udGVudFwvdXBsb2Fkc1wvc2l0ZXNcLzE0NlwvMjAyNVwvMDVcL0lNR0w0NTIxLmpwZyIsInNsaWRlc2hvdyI6IjQyZDg3ZjUifQ%3D%3D\">\n\t\t\t\t\t<div class=\"e-gallery-image elementor-gallery-item__image\" data-thumbnail=\"https:\/\/easyfairsassets.com\/sites\/146\/2025\/05\/IMGL4521-200x300.jpg\" data-width=\"200\" data-height=\"300\" aria-label=\"\" role=\"img\" ><\/div>\n\t\t\t\t\t\t\t\t\t\t\t<div class=\"elementor-gallery-item__overlay\"><\/div>\n\t\t\t\t\t\t\t\t\t\t\t\t\t\t<\/a>\n\t\t\t\t\t\t\t<a class=\"e-gallery-item elementor-gallery-item elementor-animated-content\" href=\"https:\/\/easyfairsassets.com\/sites\/146\/2025\/05\/IMGL4490.jpg\" data-elementor-open-lightbox=\"yes\" data-elementor-lightbox-slideshow=\"42d87f5\" data-elementor-lightbox-title=\"IMGL4490\" data-e-action-hash=\"#elementor-action%3Aaction%3Dlightbox%26settings%3DeyJpZCI6NzgxOTcsInVybCI6Imh0dHBzOlwvXC9oZWFsdGgtY2FyZS5lYXN5ZmFpcnMubmV0d29ya1wvd3AtY29udGVudFwvdXBsb2Fkc1wvc2l0ZXNcLzE0NlwvMjAyNVwvMDVcL0lNR0w0NDkwLmpwZyIsInNsaWRlc2hvdyI6IjQyZDg3ZjUifQ%3D%3D\">\n\t\t\t\t\t<div class=\"e-gallery-image elementor-gallery-item__image\" data-thumbnail=\"https:\/\/easyfairsassets.com\/sites\/146\/2025\/05\/IMGL4490-200x300.jpg\" data-width=\"200\" data-height=\"300\" aria-label=\"\" role=\"img\" ><\/div>\n\t\t\t\t\t\t\t\t\t\t\t<div class=\"elementor-gallery-item__overlay\"><\/div>\n\t\t\t\t\t\t\t\t\t\t\t\t\t\t<\/a>\n\t\t\t\t\t\t\t<a class=\"e-gallery-item elementor-gallery-item elementor-animated-content\" href=\"https:\/\/easyfairsassets.com\/sites\/146\/2025\/05\/IMGL4456.jpg\" data-elementor-open-lightbox=\"yes\" data-elementor-lightbox-slideshow=\"42d87f5\" data-elementor-lightbox-title=\"IMGL4456\" data-e-action-hash=\"#elementor-action%3Aaction%3Dlightbox%26settings%3DeyJpZCI6NzgxOTUsInVybCI6Imh0dHBzOlwvXC9oZWFsdGgtY2FyZS5lYXN5ZmFpcnMubmV0d29ya1wvd3AtY29udGVudFwvdXBsb2Fkc1wvc2l0ZXNcLzE0NlwvMjAyNVwvMDVcL0lNR0w0NDU2LmpwZyIsInNsaWRlc2hvdyI6IjQyZDg3ZjUifQ%3D%3D\">\n\t\t\t\t\t<div class=\"e-gallery-image elementor-gallery-item__image\" data-thumbnail=\"https:\/\/easyfairsassets.com\/sites\/146\/2025\/05\/IMGL4456-300x200.jpg\" data-width=\"300\" data-height=\"200\" aria-label=\"\" role=\"img\" ><\/div>\n\t\t\t\t\t\t\t\t\t\t\t<div class=\"elementor-gallery-item__overlay\"><\/div>\n\t\t\t\t\t\t\t\t\t\t\t\t\t\t<\/a>\n\t\t\t\t\t\t\t<a class=\"e-gallery-item elementor-gallery-item elementor-animated-content\" href=\"https:\/\/easyfairsassets.com\/sites\/146\/2025\/05\/IMGL4393.jpg\" data-elementor-open-lightbox=\"yes\" data-elementor-lightbox-slideshow=\"42d87f5\" data-elementor-lightbox-title=\"IMGL4393\" data-e-action-hash=\"#elementor-action%3Aaction%3Dlightbox%26settings%3DeyJpZCI6NzgxOTMsInVybCI6Imh0dHBzOlwvXC9oZWFsdGgtY2FyZS5lYXN5ZmFpcnMubmV0d29ya1wvd3AtY29udGVudFwvdXBsb2Fkc1wvc2l0ZXNcLzE0NlwvMjAyNVwvMDVcL0lNR0w0MzkzLmpwZyIsInNsaWRlc2hvdyI6IjQyZDg3ZjUifQ%3D%3D\">\n\t\t\t\t\t<div class=\"e-gallery-image elementor-gallery-item__image\" data-thumbnail=\"https:\/\/easyfairsassets.com\/sites\/146\/2025\/05\/IMGL4393-300x200.jpg\" data-width=\"300\" data-height=\"200\" aria-label=\"\" role=\"img\" ><\/div>\n\t\t\t\t\t\t\t\t\t\t\t<div class=\"elementor-gallery-item__overlay\"><\/div>\n\t\t\t\t\t\t\t\t\t\t\t\t\t\t<\/a>\n\t\t\t\t\t<\/div>\n\t\t\t\t\t<\/div>\n\t\t\t\t<\/div>\n\t\t\t\t\t<\/div>\n\t\t\t\t<\/div>\n\t\t\t\t<\/div>\n\t\t","protected":false},"excerpt":{"rendered":"<p>zone de presse Contact presse, downloads, photos et vid\u00e9os, \u2026 T\u00e9l\u00e9chargements T\u00e9l\u00e9chargez des logos, banni\u00e8res, brochures, etc. d&rsquo;Inspire Health &#038; Care. Cette section sera r\u00e9guli\u00e8rement mise \u00e0 jour. logo inspire health&#038;care Photos &#038; vid\u00e9os Ci-dessous, vous trouverez des images de Inspire Health &#038; Care 2025. Vous cherchez des photos en haute r\u00e9solution? Envoyez un e-mail [&hellip;]<\/p>\n","protected":false},"author":1000,"featured_media":74531,"parent":9080,"menu_order":0,"comment_status":"closed","ping_status":"closed","template":"","meta":{"_seopress_robots_primary_cat":"","_seopress_titles_title":"Presse | Inspire Health & Care","_seopress_titles_desc":"Vous trouverez ici de plus amples informations sur l'accr\u00e9ditation de la presse, des images de l'\u00e9dition pr\u00e9c\u00e9dente, des banni\u00e8res, ...","_seopress_robots_index":"","footnotes":""},"class_list":["post-9087","page","type-page","status-publish","has-post-thumbnail","hentry"],"_links":{"self":[{"href":"https:\/\/www.health-care.be\/fr\/wp-json\/wp\/v2\/pages\/9087","targetHints":{"allow":["GET"]}}],"collection":[{"href":"https:\/\/www.health-care.be\/fr\/wp-json\/wp\/v2\/pages"}],"about":[{"href":"https:\/\/www.health-care.be\/fr\/wp-json\/wp\/v2\/types\/page"}],"author":[{"embeddable":true,"href":"https:\/\/www.health-care.be\/fr\/wp-json\/wp\/v2\/users\/1000"}],"replies":[{"embeddable":true,"href":"https:\/\/www.health-care.be\/fr\/wp-json\/wp\/v2\/comments?post=9087"}],"version-history":[{"count":5,"href":"https:\/\/www.health-care.be\/fr\/wp-json\/wp\/v2\/pages\/9087\/revisions"}],"predecessor-version":[{"id":79011,"href":"https:\/\/www.health-care.be\/fr\/wp-json\/wp\/v2\/pages\/9087\/revisions\/79011"}],"up":[{"embeddable":true,"href":"https:\/\/www.health-care.be\/fr\/wp-json\/wp\/v2\/pages\/9080"}],"wp:featuredmedia":[{"embeddable":true,"href":"https:\/\/www.health-care.be\/fr\/wp-json\/wp\/v2\/media\/74531"}],"wp:attachment":[{"href":"https:\/\/www.health-care.be\/fr\/wp-json\/wp\/v2\/media?parent=9087"}],"curies":[{"name":"wp","href":"https:\/\/api.w.org\/{rel}","templated":true}]}}