{"id":9078,"date":"2020-06-10T11:30:28","date_gmt":"2020-06-10T10:30:28","guid":{"rendered":"https:\/\/www.health-care.be\/newsletter\/"},"modified":"2025-06-18T09:52:00","modified_gmt":"2025-06-18T08:52:00","slug":"newsletter","status":"publish","type":"page","link":"https:\/\/www.health-care.be\/fr\/newsletter\/","title":{"rendered":"Newsletter"},"content":{"rendered":"\t\t<div data-elementor-type=\"wp-post\" data-elementor-id=\"9078\" class=\"elementor elementor-9078 elementor-2539\" data-elementor-post-type=\"page\">\n\t\t\t\t\t\t<section class=\"elementor-section elementor-top-section elementor-element elementor-element-6be37b4 elementor-section-boxed elementor-section-height-default elementor-section-height-default elementor-invisible\" data-id=\"6be37b4\" data-element_type=\"section\" data-settings=\"{&quot;animation&quot;:&quot;fadeIn&quot;}\">\n\t\t\t\t\t\t<div class=\"elementor-container elementor-column-gap-default\">\n\t\t\t\t\t<div class=\"elementor-column elementor-col-100 elementor-top-column elementor-element elementor-element-60b36b2\" data-id=\"60b36b2\" data-element_type=\"column\">\n\t\t\t<div class=\"elementor-widget-wrap elementor-element-populated\">\n\t\t\t\t\t\t<div class=\"elementor-element elementor-element-e7ace7d elementor-widget elementor-widget-heading\" data-id=\"e7ace7d\" data-element_type=\"widget\" data-widget_type=\"heading.default\">\n\t\t\t\t<div class=\"elementor-widget-container\">\n\t\t\t\t\t<h2 class=\"elementor-heading-title elementor-size-default\"><h1>Inscrivez-vous \u00e0 la newsletter<br><\/h1><h3> et restez au courant de nos promotions, de nos partenariats et de notre programme.<\/h2>\t\t\t\t<\/div>\n\t\t\t\t<\/div>\n\t\t\t\t\t<\/div>\n\t\t<\/div>\n\t\t\t\t\t<\/div>\n\t\t<\/section>\n\t\t\t\t<section class=\"elementor-section elementor-top-section elementor-element elementor-element-26cbf47 elementor-section-boxed elementor-section-height-default elementor-section-height-default elementor-invisible\" data-id=\"26cbf47\" data-element_type=\"section\" data-settings=\"{&quot;animation&quot;:&quot;fadeIn&quot;}\">\n\t\t\t\t\t\t<div class=\"elementor-container elementor-column-gap-default\">\n\t\t\t\t\t<div class=\"elementor-column elementor-col-100 elementor-top-column elementor-element elementor-element-a3935aa\" data-id=\"a3935aa\" data-element_type=\"column\" data-settings=\"{&quot;background_background&quot;:&quot;gradient&quot;}\">\n\t\t\t<div class=\"elementor-widget-wrap elementor-element-populated\">\n\t\t\t\t\t\t<div class=\"elementor-element elementor-element-135e181 elementor-button-align-end elementor-widget elementor-widget-form\" data-id=\"135e181\" data-element_type=\"widget\" data-settings=\"{&quot;step_next_label&quot;:&quot;Suivant&quot;,&quot;step_previous_label&quot;:&quot;Pr\\u00e9c\\u00e9dent&quot;,&quot;step_type&quot;:&quot;number_text&quot;,&quot;step_icon_shape&quot;:&quot;circle&quot;}\" data-widget_type=\"form.default\">\n\t\t\t\t<div class=\"elementor-widget-container\">\n\t\t\t\t\t\t\t<form class=\"elementor-form\" method=\"post\" name=\"Nieuwsbrief IHC\" aria-label=\"Nieuwsbrief IHC\">\n\t\t\t<input type=\"hidden\" name=\"post_id\" value=\"9078\"\/>\n\t\t\t<input type=\"hidden\" name=\"form_id\" value=\"135e181\"\/>\n\t\t\t<input type=\"hidden\" name=\"referer_title\" value=\"\" \/>\n\n\t\t\t\n\t\t\t<div class=\"elementor-form-fields-wrapper elementor-labels-above\">\n\t\t\t\t\t\t\t\t<div class=\"elementor-field-type-text elementor-field-group elementor-column elementor-field-group-First_name elementor-col-50\">\n\t\t\t\t\t\t\t\t\t\t\t\t<label for=\"form-field-First_name\" class=\"elementor-field-label\">\n\t\t\t\t\t\t\t\tPr\u00e9nom\t\t\t\t\t\t\t<\/label>\n\t\t\t\t\t\t\t\t\t\t\t\t\t\t<input size=\"1\" type=\"text\" name=\"form_fields[First_name]\" id=\"form-field-First_name\" class=\"elementor-field elementor-size-xs  elementor-field-textual\">\n\t\t\t\t\t\t\t\t\t\t\t<\/div>\n\t\t\t\t\t\t\t\t<div class=\"elementor-field-type-text elementor-field-group elementor-column elementor-field-group-Last_name elementor-col-50\">\n\t\t\t\t\t\t\t\t\t\t\t\t<label for=\"form-field-Last_name\" class=\"elementor-field-label\">\n\t\t\t\t\t\t\t\tNom\t\t\t\t\t\t\t<\/label>\n\t\t\t\t\t\t\t\t\t\t\t\t\t\t<input size=\"1\" type=\"text\" name=\"form_fields[Last_name]\" id=\"form-field-Last_name\" class=\"elementor-field elementor-size-xs  elementor-field-textual\">\n\t\t\t\t\t\t\t\t\t\t\t<\/div>\n\t\t\t\t\t\t\t\t<div class=\"elementor-field-type-email elementor-field-group elementor-column elementor-field-group-Email elementor-col-100 elementor-field-required elementor-mark-required\">\n\t\t\t\t\t\t\t\t\t\t\t\t<label for=\"form-field-Email\" class=\"elementor-field-label\">\n\t\t\t\t\t\t\t\tE-mail\t\t\t\t\t\t\t<\/label>\n\t\t\t\t\t\t\t\t\t\t\t\t\t\t<input size=\"1\" type=\"email\" name=\"form_fields[Email]\" id=\"form-field-Email\" class=\"elementor-field elementor-size-xs  elementor-field-textual\" required=\"required\">\n\t\t\t\t\t\t\t\t\t\t\t<\/div>\n\t\t\t\t\t\t\t\t<div class=\"elementor-field-type-select elementor-field-group elementor-column elementor-field-group-Language elementor-col-50 elementor-field-required elementor-mark-required\">\n\t\t\t\t\t\t\t\t\t\t\t\t<label for=\"form-field-Language\" class=\"elementor-field-label\">\n\t\t\t\t\t\t\t\tLangue\t\t\t\t\t\t\t<\/label>\n\t\t\t\t\t\t\t\t<div class=\"elementor-field elementor-select-wrapper remove-before \">\n\t\t\t<div class=\"select-caret-down-wrapper\">\n\t\t\t\t<i aria-hidden=\"true\" class=\"eicon-caret-down\"><\/i>\t\t\t<\/div>\n\t\t\t<select name=\"form_fields[Language]\" id=\"form-field-Language\" class=\"elementor-field-textual elementor-size-xs\" required=\"required\">\n\t\t\t\t\t\t\t\t\t<option value=\"NL\">NL<\/option>\n\t\t\t\t\t\t\t\t\t<option value=\"FR \">FR<\/option>\n\t\t\t\t\t\t\t\t\t<option value=\"EN\">EN<\/option>\n\t\t\t\t\t\t\t<\/select>\n\t\t<\/div>\n\t\t\t\t\t\t<\/div>\n\t\t\t\t\t\t\t\t<div class=\"elementor-field-type-select elementor-field-group elementor-column elementor-field-group-Gender elementor-col-50\">\n\t\t\t\t\t\t\t\t\t\t\t\t<label for=\"form-field-Gender\" class=\"elementor-field-label\">\n\t\t\t\t\t\t\t\tSexe\t\t\t\t\t\t\t<\/label>\n\t\t\t\t\t\t\t\t<div class=\"elementor-field elementor-select-wrapper remove-before \">\n\t\t\t<div class=\"select-caret-down-wrapper\">\n\t\t\t\t<i aria-hidden=\"true\" class=\"eicon-caret-down\"><\/i>\t\t\t<\/div>\n\t\t\t<select name=\"form_fields[Gender]\" id=\"form-field-Gender\" class=\"elementor-field-textual elementor-size-xs\">\n\t\t\t\t\t\t\t\t\t<option value=\"M\">M<\/option>\n\t\t\t\t\t\t\t\t\t<option value=\"V\">V<\/option>\n\t\t\t\t\t\t\t\t\t<option value=\"X\">X<\/option>\n\t\t\t\t\t\t\t<\/select>\n\t\t<\/div>\n\t\t\t\t\t\t<\/div>\n\t\t\t\t\t\t\t\t<div class=\"elementor-field-type-radio elementor-field-group elementor-column elementor-field-group-Newsletter_optin elementor-col-100 elementor-field-required elementor-mark-required\">\n\t\t\t\t\t<div class=\"elementor-field-subgroup  elementor-subgroup-inline\"><span class=\"elementor-field-option\"><input type=\"radio\" value=\"True\" id=\"form-field-Newsletter_optin-0\" name=\"form_fields[Newsletter_optin]\" required=\"required\"> <label for=\"form-field-Newsletter_optin-0\">J\u2019ai lu la <a href=\"https:\/\/www.easyfairs.com\/privacy-statement\/\" target=\"_blank\"> Politique de Confidentialit\u00e9<\/a> et je donne mon accord. Easyfairs s'engage \u00e0 prot\u00e9ger vos donn\u00e9es personnelles. Dans notre Politique de confidentialit\u00e9 nous expliquons clairement comment nous collectons, conservons et g\u00e9rons vos informations. En vous inscrivant \u00e0 cette newsletter, vous nous autorisez \u00e0 utiliser vos donn\u00e9es de contact \u00e9lectroniques afin de vous envoyer des e-mails pertinents pour vous informer au sujet de nos \u00e9v\u00e9nements et produits li\u00e9s.<\/label><\/span><\/div>\t\t\t\t<\/div>\n\t\t\t\t\t\t\t\t<div class=\"elementor-field-type-recaptcha elementor-field-group elementor-column elementor-field-group-captcha elementor-col-100\">\n\t\t\t\t\t<div class=\"elementor-field\" id=\"form-field-captcha\"><div class=\"elementor-g-recaptcha\" data-sitekey=\"6LcU124UAAAAACQVObvXamKQJkWicfQUQW9aTdHD\" data-type=\"v2_checkbox\" data-theme=\"light\" data-size=\"normal\"><\/div><\/div>\t\t\t\t<\/div>\n\t\t\t\t\t\t\t\t<div class=\"elementor-field-group elementor-column elementor-field-type-submit elementor-col-100 e-form__buttons\">\n\t\t\t\t\t<button class=\"elementor-button elementor-size-sm\" type=\"submit\">\n\t\t\t\t\t\t<span class=\"elementor-button-content-wrapper\">\n\t\t\t\t\t\t\t\t\t\t\t\t\t\t\t<span class=\"elementor-button-icon\">\n\t\t\t\t\t\t\t\t\t<i aria-hidden=\"true\" class=\"fas fa-arrow-right\"><\/i>\t\t\t\t\t\t\t\t\t\t\t\t\t\t\t\t\t<\/span>\n\t\t\t\t\t\t\t\t\t\t\t\t\t\t\t\t\t\t\t\t\t\t<span class=\"elementor-button-text\">Envoyer<\/span>\n\t\t\t\t\t\t\t\t\t\t\t\t\t<\/span>\n\t\t\t\t\t<\/button>\n\t\t\t\t<\/div>\n\t\t\t<\/div>\n\t\t<\/form>\n\t\t\t\t\t\t<\/div>\n\t\t\t\t<\/div>\n\t\t\t\t\t<\/div>\n\t\t<\/div>\n\t\t\t\t\t<\/div>\n\t\t<\/section>\n\t\t\t\t<\/div>\n\t\t","protected":false},"excerpt":{"rendered":"<p>Inscrivez-vous \u00e0 la newsletter et restez au courant de nos promotions, de nos partenariats et de notre programme.<\/p>\n","protected":false},"author":933,"featured_media":74531,"parent":0,"menu_order":0,"comment_status":"closed","ping_status":"closed","template":"","meta":{"_seopress_robots_primary_cat":"","_seopress_titles_title":"Newsletter","_seopress_titles_desc":"Inscrivez-vous \u00e0 la newsletter d'Inspire Health & Care et restez inform\u00e9 des nouveaux partenariats, programmes et des actions ","_seopress_robots_index":"","footnotes":""},"class_list":["post-9078","page","type-page","status-publish","has-post-thumbnail","hentry"],"_links":{"self":[{"href":"https:\/\/www.health-care.be\/fr\/wp-json\/wp\/v2\/pages\/9078","targetHints":{"allow":["GET"]}}],"collection":[{"href":"https:\/\/www.health-care.be\/fr\/wp-json\/wp\/v2\/pages"}],"about":[{"href":"https:\/\/www.health-care.be\/fr\/wp-json\/wp\/v2\/types\/page"}],"author":[{"embeddable":true,"href":"https:\/\/www.health-care.be\/fr\/wp-json\/wp\/v2\/users\/933"}],"replies":[{"embeddable":true,"href":"https:\/\/www.health-care.be\/fr\/wp-json\/wp\/v2\/comments?post=9078"}],"version-history":[{"count":5,"href":"https:\/\/www.health-care.be\/fr\/wp-json\/wp\/v2\/pages\/9078\/revisions"}],"predecessor-version":[{"id":78867,"href":"https:\/\/www.health-care.be\/fr\/wp-json\/wp\/v2\/pages\/9078\/revisions\/78867"}],"wp:featuredmedia":[{"embeddable":true,"href":"https:\/\/www.health-care.be\/fr\/wp-json\/wp\/v2\/media\/74531"}],"wp:attachment":[{"href":"https:\/\/www.health-care.be\/fr\/wp-json\/wp\/v2\/media?parent=9078"}],"curies":[{"name":"wp","href":"https:\/\/api.w.org\/{rel}","templated":true}]}}