{"id":74668,"date":"2025-03-12T16:56:21","date_gmt":"2025-03-12T15:56:21","guid":{"rendered":"https:\/\/www.health-care.be\/visiteur-de-sante\/"},"modified":"2026-03-17T10:59:40","modified_gmt":"2026-03-17T09:59:40","slug":"visiteur-de-sante","status":"publish","type":"page","link":"https:\/\/www.health-care.be\/fr\/visiteur-de-sante\/","title":{"rendered":"Easyfairs Belgium App"},"content":{"rendered":"\t\t<div data-elementor-type=\"wp-page\" data-elementor-id=\"74668\" class=\"elementor elementor-74668 elementor-71571\" data-elementor-post-type=\"page\">\n\t\t\t\t<div class=\"elementor-element elementor-element-91eb3fd animated-fast e-flex e-con-boxed elementor-invisible e-con e-parent\" data-id=\"91eb3fd\" data-element_type=\"container\" data-settings=\"{&quot;animation&quot;:&quot;fadeIn&quot;}\">\n\t\t\t\t\t<div class=\"e-con-inner\">\n\t\t\t\t<div class=\"elementor-element elementor-element-902a521 elementor-widget elementor-widget-heading\" data-id=\"902a521\" data-element_type=\"widget\" data-widget_type=\"heading.default\">\n\t\t\t\t<div class=\"elementor-widget-container\">\n\t\t\t\t\t<h1 class=\"elementor-heading-title elementor-size-default\">Nouveau : l\u2019app Easyfairs Belgium<\/h1>\t\t\t\t<\/div>\n\t\t\t\t<\/div>\n\t\t\t\t<div class=\"elementor-element elementor-element-969754c elementor-widget elementor-widget-text-editor\" data-id=\"969754c\" data-element_type=\"widget\" data-widget_type=\"text-editor.default\">\n\t\t\t\t<div class=\"elementor-widget-container\">\n\t\t\t\t\t\t\t\t\t<p>Nous sommes ravis de vous pr\u00e9senter une nouvelle fonctionnalit\u00e9 qui va transformer votre visite \u00e0 Inspire Health &amp; Care :<br \/>l\u2019app Easyfairs Belgium&nbsp;!<\/p>\n\t\t\t\t\t\t\t\t<\/div>\n\t\t\t\t<\/div>\n\t\t\t\t\t<\/div>\n\t\t\t\t<\/div>\n\t\t<div class=\"elementor-element elementor-element-f86122d e-flex e-con-boxed e-con e-parent\" data-id=\"f86122d\" data-element_type=\"container\" data-settings=\"{&quot;background_background&quot;:&quot;classic&quot;}\">\n\t\t\t\t\t<div class=\"e-con-inner\">\n\t\t<div class=\"elementor-element elementor-element-c82d0de e-con-full e-flex e-con e-child\" data-id=\"c82d0de\" data-element_type=\"container\">\n\t\t\t\t<div class=\"elementor-element elementor-element-ac61eec elementor-widget elementor-widget-image\" data-id=\"ac61eec\" data-element_type=\"widget\" data-widget_type=\"image.default\">\n\t\t\t\t<div class=\"elementor-widget-container\">\n\t\t\t\t\t\t\t\t\t\t\t\t\t\t\t<img fetchpriority=\"high\" decoding=\"async\" width=\"462\" height=\"386\" src=\"https:\/\/easyfairsassets.com\/sites\/146\/2026\/03\/grip.png\" class=\"attachment-large size-large wp-image-85731\" alt=\"\" srcset=\"https:\/\/easyfairsassets.com\/sites\/146\/2026\/03\/grip.png 462w, https:\/\/easyfairsassets.com\/sites\/146\/2026\/03\/grip-300x251.png 300w\" sizes=\"(max-width: 462px) 100vw, 462px\" \/>\t\t\t\t\t\t\t\t\t\t\t\t\t\t\t<\/div>\n\t\t\t\t<\/div>\n\t\t\t\t<\/div>\n\t\t<div class=\"elementor-element elementor-element-36edd1a e-con-full e-flex e-con e-child\" data-id=\"36edd1a\" data-element_type=\"container\">\n\t\t\t\t<div class=\"elementor-element elementor-element-0df9551 elementor-widget elementor-widget-text-editor\" data-id=\"0df9551\" data-element_type=\"widget\" data-widget_type=\"text-editor.default\">\n\t\t\t\t<div class=\"elementor-widget-container\">\n\t\t\t\t\t\t\t\t\t<p><strong>Commencez \u00e0 planifier avant m\u00eame votre arriv\u00e9e&nbsp;!<\/strong><\/p>\n<p>Nous savons qu\u2019une bonne pr\u00e9paration de votre visite \u00e0 Inspire Health &amp; Care est essentielle pour en tirer le maximum. Notre nouvelle app vous permet d\u2019organiser votre venue dans les moindres d\u00e9tails, bien avant d\u2019entrer sur le site.<\/p>\n<p><strong>Recevez des recommandations personnalis\u00e9es<\/strong><\/p>\n<p>Recevez des suggestions sur mesure concernant les personnes que vous pourriez souhaiter rencontrer. Nos algorithmes intelligents analysent vos pr\u00e9f\u00e9rences et vous proposent les contacts les plus pertinents.<\/p>\n<p><strong>D\u00e9couvrez et planifiez vos s\u00e9minaires<\/strong><br \/> Ne manquez rien&nbsp;! D\u00e9couvrez les diff\u00e9rentes conf\u00e9rences, informez-vous sur les th\u00e9matiques et ajoutez directement \u00e0 votre agenda personnel les sessions qui vous int\u00e9ressent.<\/p>\n\t\t\t\t\t\t\t\t<\/div>\n\t\t\t\t<\/div>\n\t\t\t\t<\/div>\n\t\t\t\t\t<\/div>\n\t\t\t\t<\/div>\n\t\t\t\t<section class=\"elementor-section elementor-top-section elementor-element elementor-element-4c5e5bd animated-fast elementor-section-boxed elementor-section-height-default elementor-section-height-default elementor-invisible\" data-id=\"4c5e5bd\" data-element_type=\"section\" data-settings=\"{&quot;animation&quot;:&quot;fadeIn&quot;,&quot;background_background&quot;:&quot;classic&quot;}\">\n\t\t\t\t\t\t<div class=\"elementor-container elementor-column-gap-wide\">\n\t\t\t\t\t<div class=\"elementor-column elementor-col-50 elementor-top-column elementor-element elementor-element-d412cea\" data-id=\"d412cea\" data-element_type=\"column\" data-settings=\"{&quot;background_background&quot;:&quot;classic&quot;}\">\n\t\t\t<div class=\"elementor-widget-wrap elementor-element-populated\">\n\t\t\t\t\t\t<div class=\"elementor-element elementor-element-9c5057b elementor-widget elementor-widget-heading\" data-id=\"9c5057b\" data-element_type=\"widget\" data-widget_type=\"heading.default\">\n\t\t\t\t<div class=\"elementor-widget-container\">\n\t\t\t\t\t<h3 class=\"elementor-heading-title elementor-size-default\"><strong>Avec l\u2019app Easyfairs Belgium, vous b\u00e9n\u00e9ficiez de :<\/strong><\/h3>\t\t\t\t<\/div>\n\t\t\t\t<\/div>\n\t\t\t\t<div class=\"elementor-element elementor-element-da65488 elementor-widget elementor-widget-text-editor\" data-id=\"da65488\" data-element_type=\"widget\" data-widget_type=\"text-editor.default\">\n\t\t\t\t<div class=\"elementor-widget-container\">\n\t\t\t\t\t\t\t\t\t<ol>\n<li>Un acc\u00e8s rapide \u00e0 votre ticket d\u2019entr\u00e9e, au plan du salon et \u00e0 la liste des exposants.<\/li>\n<li>Un agenda clair reprenant vos rendez-vous ainsi que les conf\u00e9rences ou ateliers que vous souhaitez suivre.<\/li>\n<li>Des mises en relation pertinentes et des mises \u00e0 jour en temps r\u00e9el pendant Inspire Health &amp; Care (par exemple, modification ou annulation d\u2019une conf\u00e9rence ou d\u2019un atelier).<\/li>\n<\/ol>\n\t\t\t\t\t\t\t\t<\/div>\n\t\t\t\t<\/div>\n\t\t\t\t\t<\/div>\n\t\t<\/div>\n\t\t\t\t<div class=\"elementor-column elementor-col-50 elementor-top-column elementor-element elementor-element-534718b\" data-id=\"534718b\" data-element_type=\"column\" data-settings=\"{&quot;background_background&quot;:&quot;classic&quot;}\">\n\t\t\t<div class=\"elementor-widget-wrap elementor-element-populated\">\n\t\t\t\t\t\t<div class=\"elementor-element elementor-element-233a8b3 elementor-widget elementor-widget-heading\" data-id=\"233a8b3\" data-element_type=\"widget\" data-widget_type=\"heading.default\">\n\t\t\t\t<div class=\"elementor-widget-container\">\n\t\t\t\t\t<h3 class=\"elementor-heading-title elementor-size-default\"><strong>Comment \u00e7a marche ?<\/strong><\/h3>\t\t\t\t<\/div>\n\t\t\t\t<\/div>\n\t\t\t\t<div class=\"elementor-element elementor-element-1e35912 elementor-widget elementor-widget-text-editor\" data-id=\"1e35912\" data-element_type=\"widget\" data-widget_type=\"text-editor.default\">\n\t\t\t\t<div class=\"elementor-widget-container\">\n\t\t\t\t\t\t\t\t\t<ol>\n<li><strong>Inscrivez-vous d\u2019abord au salon :<\/strong> apr\u00e8s votre inscription, vous recevrez un e-mail vous permettant de cr\u00e9er votre compte sur l\u2019app.<\/li>\n<li><strong>T\u00e9l\u00e9chargez l\u2019app :<\/strong> elle est disponible sur Android et iOS. Suivez le lien ou scannez le QR code pour la t\u00e9l\u00e9charger.<\/li>\n<li><strong>Connectez-vous<\/strong> avec l\u2019adresse e-mail utilis\u00e9e lors de votre inscription et votre ID de badge.<\/li>\n<li><strong>Compl\u00e9tez votre profil :<\/strong> indiquez-nous vos centres d\u2019int\u00e9r\u00eat et ce que vous souhaitez trouver pendant l\u2019event.<\/li>\n<li><strong>Commencez \u00e0 matcher :<\/strong> explorez les recommandations, entrez en contact avec d\u2019autres professionnels et planifiez votre visite.<\/li>\n<li><strong>Profitez pleinement d\u2019Inspire Health &amp; Care :<\/strong> avec votre planning \u00e0 port\u00e9e de main, vous pouvez vous concentrer sur la cr\u00e9ation de contacts de qualit\u00e9 et l\u2019acquisition d\u2019insights pr\u00e9cieux.<\/li>\n<\/ol>\n\t\t\t\t\t\t\t\t<\/div>\n\t\t\t\t<\/div>\n\t\t\t\t\t<\/div>\n\t\t<\/div>\n\t\t\t\t\t<\/div>\n\t\t<\/section>\n\t\t\t\t<section class=\"elementor-section elementor-top-section elementor-element elementor-element-a32d544 elementor-section-content-middle animated-fast elementor-section-boxed elementor-section-height-default elementor-section-height-default elementor-invisible\" data-id=\"a32d544\" data-element_type=\"section\" data-settings=\"{&quot;background_background&quot;:&quot;classic&quot;,&quot;animation&quot;:&quot;fadeIn&quot;}\">\n\t\t\t\t\t\t<div class=\"elementor-container elementor-column-gap-no\">\n\t\t\t\t\t<div class=\"elementor-column elementor-col-100 elementor-top-column elementor-element elementor-element-ea3dfda\" data-id=\"ea3dfda\" data-element_type=\"column\">\n\t\t\t<div class=\"elementor-widget-wrap elementor-element-populated\">\n\t\t\t\t\t\t<div class=\"elementor-element elementor-element-26576b5 elementor-widget elementor-widget-heading\" data-id=\"26576b5\" data-element_type=\"widget\" data-widget_type=\"heading.default\">\n\t\t\t\t<div class=\"elementor-widget-container\">\n\t\t\t\t\t<h2 class=\"elementor-heading-title elementor-size-default\">Tirez le meilleur parti de votre visite chez Inspire Health &amp; Care!<\/h2>\t\t\t\t<\/div>\n\t\t\t\t<\/div>\n\t\t\t\t<div class=\"elementor-element elementor-element-b65889e elementor-widget elementor-widget-text-editor\" data-id=\"b65889e\" data-element_type=\"widget\" data-widget_type=\"text-editor.default\">\n\t\t\t\t<div class=\"elementor-widget-container\">\n\t\t\t\t\t\t\t\t\t<p>T\u00e9l\u00e9chargez l\u2019app d\u00e8s maintenant, optimisez votre visite, cr\u00e9ez de nouvelles connexions et restez inform\u00e9 de tout ce qu\u2019Inspire Health &amp; Care a \u00e0 offrir.<\/p>\n<p><strong>T\u00c9L\u00c9CHARGER L\u2019APP<\/strong><\/p>\n\t\t\t\t\t\t\t\t<\/div>\n\t\t\t\t<\/div>\n\t\t\t\t\t<\/div>\n\t\t<\/div>\n\t\t\t\t\t<\/div>\n\t\t<\/section>\n\t\t<div class=\"elementor-element elementor-element-d3d8517 e-flex e-con-boxed e-con e-parent\" data-id=\"d3d8517\" data-element_type=\"container\">\n\t\t\t\t\t<div class=\"e-con-inner\">\n\t\t<div class=\"elementor-element elementor-element-b666654 e-con-full e-flex e-con e-child\" data-id=\"b666654\" data-element_type=\"container\">\n\t\t\t\t<div class=\"elementor-element elementor-element-7e7c4f7 elementor-widget elementor-widget-image\" data-id=\"7e7c4f7\" data-element_type=\"widget\" data-widget_type=\"image.default\">\n\t\t\t\t<div class=\"elementor-widget-container\">\n\t\t\t\t\t\t\t\t\t\t\t\t\t\t\t\t<a href=\"https:\/\/play.google.com\/store\/apps\/details?id=events.grip.efbe1047&#038;hl=en\">\n\t\t\t\t\t\t\t<img decoding=\"async\" width=\"300\" height=\"88\" src=\"https:\/\/easyfairsassets.com\/sites\/146\/2026\/03\/google-play-1-1-300x88.png\" class=\"attachment-medium size-medium wp-image-85721\" alt=\"\" srcset=\"https:\/\/easyfairsassets.com\/sites\/146\/2026\/03\/google-play-1-1-300x88.png 300w, https:\/\/easyfairsassets.com\/sites\/146\/2026\/03\/google-play-1-1.png 614w\" sizes=\"(max-width: 300px) 100vw, 300px\" \/>\t\t\t\t\t\t\t\t<\/a>\n\t\t\t\t\t\t\t\t\t\t\t\t\t\t\t<\/div>\n\t\t\t\t<\/div>\n\t\t\t\t<div class=\"elementor-element elementor-element-4c69a6c elementor-widget elementor-widget-image\" data-id=\"4c69a6c\" data-element_type=\"widget\" data-widget_type=\"image.default\">\n\t\t\t\t<div class=\"elementor-widget-container\">\n\t\t\t\t\t\t\t\t\t\t\t\t\t\t\t\t<a href=\"https:\/\/play.google.com\/store\/apps\/details?id=events.grip.efbe1047&#038;hl=en\">\n\t\t\t\t\t\t\t<img decoding=\"async\" width=\"120\" height=\"120\" src=\"https:\/\/easyfairsassets.com\/sites\/146\/2026\/03\/Google-play-2.png\" class=\"attachment-medium size-medium wp-image-85725\" alt=\"\" \/>\t\t\t\t\t\t\t\t<\/a>\n\t\t\t\t\t\t\t\t\t\t\t\t\t\t\t<\/div>\n\t\t\t\t<\/div>\n\t\t\t\t<\/div>\n\t\t<div class=\"elementor-element elementor-element-bfe89d1 e-con-full e-flex e-con e-child\" data-id=\"bfe89d1\" data-element_type=\"container\">\n\t\t\t\t<div class=\"elementor-element elementor-element-1305309 elementor-widget elementor-widget-image\" data-id=\"1305309\" data-element_type=\"widget\" data-widget_type=\"image.default\">\n\t\t\t\t<div class=\"elementor-widget-container\">\n\t\t\t\t\t\t\t\t\t\t\t\t\t\t\t\t<a href=\"https:\/\/apps.apple.com\/nl\/app\/easyfairs-belgium\/id6680193572\">\n\t\t\t\t\t\t\t<img loading=\"lazy\" decoding=\"async\" width=\"300\" height=\"89\" src=\"https:\/\/easyfairsassets.com\/sites\/146\/2026\/03\/app-store-1-300x89.png\" class=\"attachment-medium size-medium wp-image-85719\" alt=\"\" srcset=\"https:\/\/easyfairsassets.com\/sites\/146\/2026\/03\/app-store-1-300x89.png 300w, https:\/\/easyfairsassets.com\/sites\/146\/2026\/03\/app-store-1.png 614w\" sizes=\"(max-width: 300px) 100vw, 300px\" \/>\t\t\t\t\t\t\t\t<\/a>\n\t\t\t\t\t\t\t\t\t\t\t\t\t\t\t<\/div>\n\t\t\t\t<\/div>\n\t\t\t\t<div class=\"elementor-element elementor-element-6f18be1 elementor-widget elementor-widget-image\" data-id=\"6f18be1\" data-element_type=\"widget\" data-widget_type=\"image.default\">\n\t\t\t\t<div class=\"elementor-widget-container\">\n\t\t\t\t\t\t\t\t\t\t\t\t\t\t\t\t<a href=\"https:\/\/apps.apple.com\/nl\/app\/easyfairs-belgium\/id6680193572\">\n\t\t\t\t\t\t\t<img loading=\"lazy\" decoding=\"async\" width=\"120\" height=\"120\" src=\"https:\/\/easyfairsassets.com\/sites\/146\/2026\/03\/apps-tire.png\" class=\"attachment-medium size-medium wp-image-85715\" alt=\"\" \/>\t\t\t\t\t\t\t\t<\/a>\n\t\t\t\t\t\t\t\t\t\t\t\t\t\t\t<\/div>\n\t\t\t\t<\/div>\n\t\t\t\t<\/div>\n\t\t\t\t\t<\/div>\n\t\t\t\t<\/div>\n\t\t\t\t<\/div>\n\t\t","protected":false},"excerpt":{"rendered":"<p>Nouveau : l\u2019app Easyfairs Belgium Nous sommes ravis de vous pr\u00e9senter une nouvelle fonctionnalit\u00e9 qui va transformer votre visite \u00e0 Inspire Health &amp; Care :l\u2019app Easyfairs Belgium&nbsp;! Commencez \u00e0 planifier avant m\u00eame votre arriv\u00e9e&nbsp;! Nous savons qu\u2019une bonne pr\u00e9paration de votre visite \u00e0 Inspire Health &amp; Care est essentielle pour en tirer le maximum. Notre [&hellip;]<\/p>\n","protected":false},"author":872,"featured_media":74531,"parent":0,"menu_order":0,"comment_status":"closed","ping_status":"closed","template":"","meta":{"_seopress_robots_primary_cat":"","_seopress_titles_title":"L'application de l'\u00e9v\u00e9nement Inspire Health & Care","_seopress_titles_desc":"L'application de l'\u00e9v\u00e9nement Inspire Health & Care","_seopress_robots_index":"","footnotes":""},"class_list":["post-74668","page","type-page","status-publish","has-post-thumbnail","hentry"],"_links":{"self":[{"href":"https:\/\/www.health-care.be\/fr\/wp-json\/wp\/v2\/pages\/74668","targetHints":{"allow":["GET"]}}],"collection":[{"href":"https:\/\/www.health-care.be\/fr\/wp-json\/wp\/v2\/pages"}],"about":[{"href":"https:\/\/www.health-care.be\/fr\/wp-json\/wp\/v2\/types\/page"}],"author":[{"embeddable":true,"href":"https:\/\/www.health-care.be\/fr\/wp-json\/wp\/v2\/users\/872"}],"replies":[{"embeddable":true,"href":"https:\/\/www.health-care.be\/fr\/wp-json\/wp\/v2\/comments?post=74668"}],"version-history":[{"count":5,"href":"https:\/\/www.health-care.be\/fr\/wp-json\/wp\/v2\/pages\/74668\/revisions"}],"predecessor-version":[{"id":85763,"href":"https:\/\/www.health-care.be\/fr\/wp-json\/wp\/v2\/pages\/74668\/revisions\/85763"}],"wp:featuredmedia":[{"embeddable":true,"href":"https:\/\/www.health-care.be\/fr\/wp-json\/wp\/v2\/media\/74531"}],"wp:attachment":[{"href":"https:\/\/www.health-care.be\/fr\/wp-json\/wp\/v2\/media?parent=74668"}],"curies":[{"name":"wp","href":"https:\/\/api.w.org\/{rel}","templated":true}]}}