{"id":67986,"date":"2024-04-04T12:28:01","date_gmt":"2024-04-04T11:28:01","guid":{"rendered":"https:\/\/www.health-care.be\/inspire-healthcare-podcast\/"},"modified":"2025-07-02T13:32:27","modified_gmt":"2025-07-02T12:32:27","slug":"inspire-healthcare-podcast","status":"publish","type":"page","link":"https:\/\/www.health-care.be\/fr\/inspire-healthcare-podcast\/","title":{"rendered":"Inspire health&#038;care podcast"},"content":{"rendered":"\t\t<div data-elementor-type=\"wp-page\" data-elementor-id=\"67986\" class=\"elementor elementor-67986 elementor-58045\" data-elementor-post-type=\"page\">\n\t\t\t\t<div class=\"elementor-element elementor-element-2cf7d27 animated-fast e-flex e-con-boxed elementor-invisible e-con e-parent\" data-id=\"2cf7d27\" data-element_type=\"container\" data-settings=\"{&quot;animation&quot;:&quot;fadeIn&quot;}\">\n\t\t\t\t\t<div class=\"e-con-inner\">\n\t\t\t\t<div class=\"elementor-element elementor-element-0a8f0d1 elementor-widget elementor-widget-heading\" data-id=\"0a8f0d1\" data-element_type=\"widget\" data-widget_type=\"heading.default\">\n\t\t\t\t<div class=\"elementor-widget-container\">\n\t\t\t\t\t<h1 class=\"elementor-heading-title elementor-size-default\">Inspire Health &amp; Care podcast<\/h1>\t\t\t\t<\/div>\n\t\t\t\t<\/div>\n\t\t\t\t<div class=\"elementor-element elementor-element-34f7ec5 elementor-widget elementor-widget-text-editor\" data-id=\"34f7ec5\" data-element_type=\"widget\" data-widget_type=\"text-editor.default\">\n\t\t\t\t<div class=\"elementor-widget-container\">\n\t\t\t\t\t\t\t\t\t<p>Dans le podcast Inspire Health &amp; Care, nous nous entretenons avec des personnes inspirantes et comp\u00e9tentes du secteur de la sant\u00e9. Comment voient-ils l&rsquo;avenir du secteur des soins de sant\u00e9?<\/p>\n\t\t\t\t\t\t\t\t<\/div>\n\t\t\t\t<\/div>\n\t\t\t\t<div class=\"elementor-element elementor-element-4795cb5 elementor-align-center elementor-widget elementor-widget-button\" data-id=\"4795cb5\" data-element_type=\"widget\" data-widget_type=\"button.default\">\n\t\t\t\t<div class=\"elementor-widget-container\">\n\t\t\t\t\t\t\t\t\t<div class=\"elementor-button-wrapper\">\n\t\t\t\t\t<a class=\"elementor-button elementor-button-link elementor-size-sm\" href=\"https:\/\/open.spotify.com\/show\/77f31KwVk9gN33X7bz5twm\">\n\t\t\t\t\t\t<span class=\"elementor-button-content-wrapper\">\n\t\t\t\t\t\t\t\t\t<span class=\"elementor-button-text\">\u00c9couter sur Spotify<\/span>\n\t\t\t\t\t<\/span>\n\t\t\t\t\t<\/a>\n\t\t\t\t<\/div>\n\t\t\t\t\t\t\t\t<\/div>\n\t\t\t\t<\/div>\n\t\t\t\t\t<\/div>\n\t\t\t\t<\/div>\n\t\t\t\t<section class=\"elementor-section elementor-top-section elementor-element elementor-element-162465d elementor-section-boxed elementor-section-height-default elementor-section-height-default\" data-id=\"162465d\" data-element_type=\"section\" data-settings=\"{&quot;background_background&quot;:&quot;classic&quot;}\">\n\t\t\t\t\t\t<div class=\"elementor-container elementor-column-gap-no\">\n\t\t\t\t\t<div class=\"elementor-column elementor-col-50 elementor-top-column elementor-element elementor-element-a91fd59\" data-id=\"a91fd59\" data-element_type=\"column\" data-settings=\"{&quot;background_background&quot;:&quot;classic&quot;}\">\n\t\t\t<div class=\"elementor-widget-wrap elementor-element-populated\">\n\t\t\t\t\t\t<div class=\"elementor-element elementor-element-89e5531 elementor-widget elementor-widget-heading\" data-id=\"89e5531\" data-element_type=\"widget\" data-widget_type=\"heading.default\">\n\t\t\t\t<div class=\"elementor-widget-container\">\n\t\t\t\t\t<h3 class=\"elementor-heading-title elementor-size-default\">\u00c9pisode 1<\/h3>\t\t\t\t<\/div>\n\t\t\t\t<\/div>\n\t\t\t\t<div class=\"elementor-element elementor-element-bb80871 elementor-widget elementor-widget-text-editor\" data-id=\"bb80871\" data-element_type=\"widget\" data-widget_type=\"text-editor.default\">\n\t\t\t\t<div class=\"elementor-widget-container\">\n\t\t\t\t\t\t\t\t\t<p>Dans notre premier podcast, Luc Colemont et Servaas Bing\u00e9 parlent de l&rsquo;esprit d&rsquo;entreprise n\u00e9cessaire pour stimuler l&rsquo;innovation dans les soins de sant\u00e9. Ils \u00e9voquent le d\u00e9pistage du cancer du c\u00f4lon et les m\u00e9thodes permettant d&rsquo;accro\u00eetre la participation, le passage du curatif au pr\u00e9ventif et le r\u00f4le de la technologie dans l&rsquo;avenir de notre sant\u00e9. Faut-il reconvertir les professionnels du domaine curatif au domaine pr\u00e9ventif?<\/p>\n\t\t\t\t\t\t\t\t<\/div>\n\t\t\t\t<\/div>\n\t\t\t\t\t<\/div>\n\t\t<\/div>\n\t\t\t\t<div class=\"elementor-column elementor-col-50 elementor-top-column elementor-element elementor-element-f734ed5 elementor-hidden-tablet\" data-id=\"f734ed5\" data-element_type=\"column\">\n\t\t\t<div class=\"elementor-widget-wrap elementor-element-populated\">\n\t\t\t\t\t\t<div class=\"elementor-element elementor-element-06b48c8 elementor-widget elementor-widget-video\" data-id=\"06b48c8\" data-element_type=\"widget\" data-settings=\"{&quot;youtube_url&quot;:&quot;https:\\\/\\\/youtu.be\\\/u8robDesd7o&quot;,&quot;video_type&quot;:&quot;youtube&quot;,&quot;controls&quot;:&quot;yes&quot;}\" data-widget_type=\"video.default\">\n\t\t\t\t<div class=\"elementor-widget-container\">\n\t\t\t\t\t\t\t<div class=\"elementor-wrapper elementor-open-inline\">\n\t\t\t<div class=\"elementor-video\"><\/div>\t\t<\/div>\n\t\t\t\t\t\t<\/div>\n\t\t\t\t<\/div>\n\t\t\t\t\t<\/div>\n\t\t<\/div>\n\t\t\t\t\t<\/div>\n\t\t<\/section>\n\t\t\t\t<section class=\"dce-visibility-event elementor-section elementor-top-section elementor-element elementor-element-054cf02 elementor-section-boxed elementor-section-height-default elementor-section-height-default\" data-id=\"054cf02\" data-element_type=\"section\" data-settings=\"{&quot;background_background&quot;:&quot;classic&quot;,&quot;enabled_visibility&quot;:&quot;yes&quot;,&quot;dce_visibility_selected&quot;:&quot;yes&quot;}\">\n\t\t\t\t\t\t<div class=\"elementor-container elementor-column-gap-no\">\n\t\t\t\t\t<div class=\"elementor-column elementor-col-50 elementor-top-column elementor-element elementor-element-b527e14\" data-id=\"b527e14\" data-element_type=\"column\" data-settings=\"{&quot;background_background&quot;:&quot;classic&quot;}\">\n\t\t\t<div class=\"elementor-widget-wrap elementor-element-populated\">\n\t\t\t\t\t\t<div class=\"elementor-element elementor-element-749d118 elementor-widget elementor-widget-heading\" data-id=\"749d118\" data-element_type=\"widget\" data-widget_type=\"heading.default\">\n\t\t\t\t<div class=\"elementor-widget-container\">\n\t\t\t\t\t<h3 class=\"elementor-heading-title elementor-size-default\">\u00c9pisode 2<\/h3>\t\t\t\t<\/div>\n\t\t\t\t<\/div>\n\t\t\t\t<div class=\"elementor-element elementor-element-2dc227d elementor-widget elementor-widget-text-editor\" data-id=\"2dc227d\" data-element_type=\"widget\" data-widget_type=\"text-editor.default\">\n\t\t\t\t<div class=\"elementor-widget-container\">\n\t\t\t\t\t\t\t\t\t<p>Dans ce deuxi\u00e8me \u00e9pisode du podcast, nous nous entretenons avec Naik\u00e9 Costa, orthop\u00e9dagogue de formation et professionnelle de sant\u00e9 exp\u00e9riment\u00e9e. Naik\u00e9 nous fait part de ses r\u00e9flexions sur le leadership dans le secteur des soins, sur l&rsquo;\u00e9quilibre crucial entre la technologie et le contact personnel, et sur l&rsquo;importance de la connexion, \u00e0 la fois au sein des \u00e9quipes de soins et dans la soci\u00e9t\u00e9. Avec des anecdotes personnelles et un regard sur l&rsquo;avenir des soins de sant\u00e9, elle inspire et montre comment la maternit\u00e9, la cr\u00e9ativit\u00e9 et l&rsquo;entreprenariat social.<\/p>\n\t\t\t\t\t\t\t\t<\/div>\n\t\t\t\t<\/div>\n\t\t\t\t\t<\/div>\n\t\t<\/div>\n\t\t\t\t<div class=\"elementor-column elementor-col-50 elementor-top-column elementor-element elementor-element-76310c5 elementor-hidden-tablet\" data-id=\"76310c5\" data-element_type=\"column\">\n\t\t\t<div class=\"elementor-widget-wrap elementor-element-populated\">\n\t\t\t\t\t\t<div class=\"elementor-element elementor-element-54e55e1 elementor-widget elementor-widget-video\" data-id=\"54e55e1\" data-element_type=\"widget\" data-settings=\"{&quot;youtube_url&quot;:&quot;https:\\\/\\\/youtu.be\\\/iZvRoQkEQ5Q&quot;,&quot;video_type&quot;:&quot;youtube&quot;,&quot;controls&quot;:&quot;yes&quot;}\" data-widget_type=\"video.default\">\n\t\t\t\t<div class=\"elementor-widget-container\">\n\t\t\t\t\t\t\t<div class=\"elementor-wrapper elementor-open-inline\">\n\t\t\t<div class=\"elementor-video\"><\/div>\t\t<\/div>\n\t\t\t\t\t\t<\/div>\n\t\t\t\t<\/div>\n\t\t\t\t\t<\/div>\n\t\t<\/div>\n\t\t\t\t\t<\/div>\n\t\t<\/section>\n\t\t\t\t<section class=\"dce-visibility-event elementor-section elementor-top-section elementor-element elementor-element-6032a64 elementor-section-boxed elementor-section-height-default elementor-section-height-default\" data-id=\"6032a64\" data-element_type=\"section\" data-settings=\"{&quot;background_background&quot;:&quot;classic&quot;,&quot;enabled_visibility&quot;:&quot;yes&quot;,&quot;dce_visibility_selected&quot;:&quot;yes&quot;}\">\n\t\t\t\t\t\t<div class=\"elementor-container elementor-column-gap-no\">\n\t\t\t\t\t<div class=\"elementor-column elementor-col-50 elementor-top-column elementor-element elementor-element-ad01ef9\" data-id=\"ad01ef9\" data-element_type=\"column\" data-settings=\"{&quot;background_background&quot;:&quot;classic&quot;}\">\n\t\t\t<div class=\"elementor-widget-wrap elementor-element-populated\">\n\t\t\t\t\t\t<div class=\"elementor-element elementor-element-065ad99 elementor-widget elementor-widget-heading\" data-id=\"065ad99\" data-element_type=\"widget\" data-widget_type=\"heading.default\">\n\t\t\t\t<div class=\"elementor-widget-container\">\n\t\t\t\t\t<h3 class=\"elementor-heading-title elementor-size-default\">\u00c9pisode 3<\/h3>\t\t\t\t<\/div>\n\t\t\t\t<\/div>\n\t\t\t\t<div class=\"elementor-element elementor-element-2a29e10 elementor-widget elementor-widget-text-editor\" data-id=\"2a29e10\" data-element_type=\"widget\" data-widget_type=\"text-editor.default\">\n\t\t\t\t<div class=\"elementor-widget-container\">\n\t\t\t\t\t\t\t\t\t<p>Dans ce troisi\u00e8me \u00e9pisode du podcast, nous nous entretenons avec deux leaders d&rsquo;opinion du secteur des soins de sant\u00e9. Koen Michiels, directeur g\u00e9n\u00e9ral de VITAZ, et Marc Noppen, directeur g\u00e9n\u00e9ral d&rsquo;UZ Brussel, prennent place sur notre canap\u00e9.<\/p>\n<p data-slate-node=\"element\" data-encore-id=\"type\" data-slate-fragment=\"JTVCJTdCJTIydHlwZSUyMiUzQSUyMnBhcmFncmFwaCUyMiUyQyUyMmNoaWxkcmVuJTIyJTNBJTVCJTdCJTIydGV4dCUyMiUzQSUyMm1ldCUyMHR3ZWUlMjBvcGluaW9ubGVhZGVycyUyMHVpdCUyMGRlJTIwZ2V6b25kaGVpZHN6b3JnLiUyMERlJTIwZ2VkZWxlZ2VlcmQlMjBiZXN0dXVyZGVyJTIwdmFuJTIwVklUQVolMkMlMjBLb2VuJTIwTWljaGllbHMlMjBlbiUyMGRlJTIwQ0VPJTIwdmFuJTIwVVolMjBCcnVzc2VsJTJDJTIwTWFyYyUyME5vcHBlbiUyQyUyMG5lbWVuJTIwcGxhYXRzJTIwb3AlMjBvbnplJTIwc29mYS4lMjIlN0QlNUQlN0QlMkMlN0IlMjJ0eXBlJTIyJTNBJTIycGFyYWdyYXBoJTIyJTJDJTIyY2hpbGRyZW4lMjIlM0ElNUIlN0IlMjJ0ZXh0JTIyJTNBJTIySW4lMjBkZXplJTIwYWZsZXZlcmluZyUyMGhvb3IlMjBqZSUyMGhvZSUyMHppaiUyMGh1biUyMGluemljaHRlbiUyMGVuJTIwZGVza3VuZGlnZSUyMGFuYWx5c2UlMjBkZWxlbiUyMG92ZXIlMjBkZSUyMHRvZWtvbXN0JTIwdmFuJTIwZ2V6b25kaGVpZHN0ZWNobm9sb2dpZSUyQyUyMGRlJTIwcm9sJTIwdmFuJTIwcHJldmVudGllJTIwZW4lMjBkZSUyMHVpdGRhZ2luZ2VuJTIwdmFuJTIwZ2UlQzMlQUZudGVncmVlcmRlJTIwem9yZy4lMjIlN0QlNUQlN0QlNUQ=\">Dans cet \u00e9pisode, vous d\u00e9couvrirez comment ils partagent leurs id\u00e9es et leurs analyses d&rsquo;experts sur l&rsquo;avenir des technologies de la sant\u00e9, le r\u00f4le de la pr\u00e9vention et les d\u00e9fis de l&rsquo;int\u00e9gration des soins.<\/p>\n\t\t\t\t\t\t\t\t<\/div>\n\t\t\t\t<\/div>\n\t\t\t\t\t<\/div>\n\t\t<\/div>\n\t\t\t\t<div class=\"elementor-column elementor-col-50 elementor-top-column elementor-element elementor-element-a7f38f1 elementor-hidden-tablet\" data-id=\"a7f38f1\" data-element_type=\"column\">\n\t\t\t<div class=\"elementor-widget-wrap elementor-element-populated\">\n\t\t\t\t\t\t<div class=\"elementor-element elementor-element-bb0fce6 elementor-widget elementor-widget-video\" data-id=\"bb0fce6\" data-element_type=\"widget\" data-settings=\"{&quot;youtube_url&quot;:&quot;https:\\\/\\\/youtu.be\\\/PvI5M6blPpY&quot;,&quot;video_type&quot;:&quot;youtube&quot;,&quot;controls&quot;:&quot;yes&quot;}\" data-widget_type=\"video.default\">\n\t\t\t\t<div class=\"elementor-widget-container\">\n\t\t\t\t\t\t\t<div class=\"elementor-wrapper elementor-open-inline\">\n\t\t\t<div class=\"elementor-video\"><\/div>\t\t<\/div>\n\t\t\t\t\t\t<\/div>\n\t\t\t\t<\/div>\n\t\t\t\t\t<\/div>\n\t\t<\/div>\n\t\t\t\t\t<\/div>\n\t\t<\/section>\n\t\t\t\t<section class=\"dce-visibility-event elementor-section elementor-top-section elementor-element elementor-element-6f5ebea elementor-section-boxed elementor-section-height-default elementor-section-height-default\" data-id=\"6f5ebea\" data-element_type=\"section\" data-settings=\"{&quot;background_background&quot;:&quot;classic&quot;,&quot;enabled_visibility&quot;:&quot;yes&quot;,&quot;dce_visibility_selected&quot;:&quot;yes&quot;}\">\n\t\t\t\t\t\t<div class=\"elementor-container elementor-column-gap-no\">\n\t\t\t\t\t<div class=\"elementor-column elementor-col-50 elementor-top-column elementor-element elementor-element-43e68a7\" data-id=\"43e68a7\" data-element_type=\"column\" data-settings=\"{&quot;background_background&quot;:&quot;classic&quot;}\">\n\t\t\t<div class=\"elementor-widget-wrap elementor-element-populated\">\n\t\t\t\t\t\t<div class=\"elementor-element elementor-element-604f709 elementor-widget elementor-widget-heading\" data-id=\"604f709\" data-element_type=\"widget\" data-widget_type=\"heading.default\">\n\t\t\t\t<div class=\"elementor-widget-container\">\n\t\t\t\t\t<h3 class=\"elementor-heading-title elementor-size-default\">\u00c9pisode 4<\/h3>\t\t\t\t<\/div>\n\t\t\t\t<\/div>\n\t\t\t\t<div class=\"elementor-element elementor-element-0b4a445 elementor-widget elementor-widget-text-editor\" data-id=\"0b4a445\" data-element_type=\"widget\" data-widget_type=\"text-editor.default\">\n\t\t\t\t<div class=\"elementor-widget-container\">\n\t\t\t\t\t\t\t\t\t<p>Dans le quatri\u00e8me \u00e9pisode, nous nous entretenons avec Warda Hjij, une \u00e9tudiante en m\u00e9decine passionn\u00e9e, et Stef Vanlee, une infirmi\u00e8re d&rsquo;urgence exp\u00e9riment\u00e9e, afin d&rsquo;examiner en profondeur les d\u00e9fis actuels et futurs dans le domaine des soins de sant\u00e9. \u00c9coutez leurs points de vue sur la fa\u00e7on d&rsquo;inspirer les jeunes \u00e0 faire carri\u00e8re dans la sant\u00e9, sur l&rsquo;importance de la pr\u00e9vention et de l&rsquo;autogestion des soins, et sur le r\u00f4le que joue la technologie pour all\u00e9ger la pression sur les prestataires de soins de sant\u00e9.<\/p>\n\t\t\t\t\t\t\t\t<\/div>\n\t\t\t\t<\/div>\n\t\t\t\t\t<\/div>\n\t\t<\/div>\n\t\t\t\t<div class=\"elementor-column elementor-col-50 elementor-top-column elementor-element elementor-element-3b4966a elementor-hidden-tablet\" data-id=\"3b4966a\" data-element_type=\"column\">\n\t\t\t<div class=\"elementor-widget-wrap elementor-element-populated\">\n\t\t\t\t\t\t<div class=\"elementor-element elementor-element-aee8213 elementor-widget elementor-widget-video\" data-id=\"aee8213\" data-element_type=\"widget\" data-settings=\"{&quot;youtube_url&quot;:&quot;https:\\\/\\\/youtu.be\\\/JE_JQqdRKCM&quot;,&quot;video_type&quot;:&quot;youtube&quot;,&quot;controls&quot;:&quot;yes&quot;}\" data-widget_type=\"video.default\">\n\t\t\t\t<div class=\"elementor-widget-container\">\n\t\t\t\t\t\t\t<div class=\"elementor-wrapper elementor-open-inline\">\n\t\t\t<div class=\"elementor-video\"><\/div>\t\t<\/div>\n\t\t\t\t\t\t<\/div>\n\t\t\t\t<\/div>\n\t\t\t\t\t<\/div>\n\t\t<\/div>\n\t\t\t\t\t<\/div>\n\t\t<\/section>\n\t\t<div class=\"elementor-element elementor-element-83936a8 elementor-hidden-desktop elementor-hidden-tablet elementor-hidden-mobile e-flex e-con-boxed e-con e-parent\" data-id=\"83936a8\" data-element_type=\"container\" data-settings=\"{&quot;background_background&quot;:&quot;classic&quot;}\">\n\t\t\t\t\t<div class=\"e-con-inner\">\n\t\t\t\t<div class=\"elementor-element elementor-element-a5e0357 elementor-widget elementor-widget-heading\" data-id=\"a5e0357\" data-element_type=\"widget\" data-widget_type=\"heading.default\">\n\t\t\t\t<div class=\"elementor-widget-container\">\n\t\t\t\t\t<h2 class=\"elementor-heading-title elementor-size-default\">Inspire health&amp;care<\/h2>\t\t\t\t<\/div>\n\t\t\t\t<\/div>\n\t\t\t\t<div class=\"elementor-element elementor-element-546da3a elementor-widget elementor-widget-text-editor\" data-id=\"546da3a\" data-element_type=\"widget\" data-widget_type=\"text-editor.default\">\n\t\t\t\t<div class=\"elementor-widget-container\">\n\t\t\t\t\t\t\t\t\t<p>Rejoignez-nous \u00e0 l&rsquo;\u00e9v\u00e9nement inspire health&amp;care \u00e0 Flanders Expo Ghent les 19, 20 et 21 mars. Trois jours d\u00e9di\u00e9s \u00e0 la connexion, \u00e0 l&rsquo;inspiration et \u00e0 l&rsquo;inspiration. Cet \u00e9v\u00e9nement rassemble des acteurs de tous les niveaux des soins de sant\u00e9. Nous voulons entendre votre voix. Nous voulons nous \u00e9couter les uns les autres. Ensemble, nous saisirons les opportunit\u00e9s et construirons l&rsquo;avenir des soins de sant\u00e9. Voulez-vous venir vous aussi?<\/p>\n\t\t\t\t\t\t\t\t<\/div>\n\t\t\t\t<\/div>\n\t\t\t\t<div class=\"elementor-element elementor-element-8cf81e9 elementor-widget elementor-widget-dynamic-button\" data-id=\"8cf81e9\" data-element_type=\"widget\" data-widget_type=\"dynamic-button.default\">\n\t\t\t\t<div class=\"elementor-widget-container\">\n\t\t\t\t\t        <div class=\"elementor-button-wrapper\">\n            <a href=\"https:\/\/register.visitcloud.com\/survey\/1javy4p3nkglm\" class=\"elementor-button-link elementor-button elementor-size-sm\" role=\"button\">\n                        <span class=\"elementor-button-content-wrapper\">\n\t\t\t\t\t\t<span class=\"elementor-button-text\">S'inscrire<\/span>\n\t\t<\/span>\n                    <\/a>\n        <\/div>\n        \t\t\t\t<\/div>\n\t\t\t\t<\/div>\n\t\t\t\t\t<\/div>\n\t\t\t\t<\/div>\n\t\t\t\t<section class=\"elementor-section elementor-top-section elementor-element elementor-element-e792305 elementor-section-content-middle elementor-section-boxed elementor-section-height-default elementor-section-height-default\" data-id=\"e792305\" data-element_type=\"section\" data-settings=\"{&quot;background_background&quot;:&quot;gradient&quot;}\">\n\t\t\t\t\t\t<div class=\"elementor-container elementor-column-gap-no\">\n\t\t\t\t\t<div class=\"elementor-column elementor-col-100 elementor-top-column elementor-element elementor-element-b8452c4\" data-id=\"b8452c4\" data-element_type=\"column\">\n\t\t\t<div class=\"elementor-widget-wrap elementor-element-populated\">\n\t\t\t\t\t\t<div class=\"elementor-element elementor-element-f2063f5 elementor-widget elementor-widget-text-editor\" data-id=\"f2063f5\" data-element_type=\"widget\" data-widget_type=\"text-editor.default\">\n\t\t\t\t<div class=\"elementor-widget-container\">\n\t\t\t\t\t\t\t\t\t<p>Inspire Health &#038; Care est organis\u00e9 par 3 partenaires<\/p>\n\t\t\t\t\t\t\t\t<\/div>\n\t\t\t\t<\/div>\n\t\t\t\t\t<\/div>\n\t\t<\/div>\n\t\t\t\t\t<\/div>\n\t\t<\/section>\n\t\t\t\t<section class=\"elementor-section elementor-top-section elementor-element elementor-element-65f30e0 elementor-section-boxed elementor-section-height-default elementor-section-height-default\" data-id=\"65f30e0\" data-element_type=\"section\" data-settings=\"{&quot;background_background&quot;:&quot;classic&quot;}\">\n\t\t\t\t\t\t<div class=\"elementor-container elementor-column-gap-default\">\n\t\t\t\t\t<div class=\"elementor-column elementor-col-33 elementor-top-column elementor-element elementor-element-02673c5\" data-id=\"02673c5\" data-element_type=\"column\" data-settings=\"{&quot;background_background&quot;:&quot;classic&quot;}\">\n\t\t\t<div class=\"elementor-widget-wrap elementor-element-populated\">\n\t\t\t\t\t\t<div class=\"elementor-element elementor-element-6d302e1 elementor-widget elementor-widget-image\" data-id=\"6d302e1\" data-element_type=\"widget\" data-widget_type=\"image.default\">\n\t\t\t\t<div class=\"elementor-widget-container\">\n\t\t\t\t\t\t\t\t\t\t\t\t\t\t\t\t<a href=\"https:\/\/www.in4care.be\/\" target=\"_blank\">\n\t\t\t\t\t\t\t<img decoding=\"async\" width=\"300\" height=\"150\" src=\"https:\/\/easyfairsassets.com\/sites\/146\/2021\/09\/Wordpress-in4care-300x150.png\" class=\"attachment-medium size-medium wp-image-11110\" alt=\"in4care logo\" srcset=\"https:\/\/easyfairsassets.com\/sites\/146\/2021\/09\/Wordpress-in4care-300x150.png 300w, https:\/\/easyfairsassets.com\/sites\/146\/2021\/09\/Wordpress-in4care.png 600w\" sizes=\"(max-width: 300px) 100vw, 300px\" \/>\t\t\t\t\t\t\t\t<\/a>\n\t\t\t\t\t\t\t\t\t\t\t\t\t\t\t<\/div>\n\t\t\t\t<\/div>\n\t\t\t\t\t<\/div>\n\t\t<\/div>\n\t\t\t\t<div class=\"elementor-column elementor-col-33 elementor-top-column elementor-element elementor-element-ac2db38\" data-id=\"ac2db38\" data-element_type=\"column\" data-settings=\"{&quot;background_background&quot;:&quot;classic&quot;}\">\n\t\t\t<div class=\"elementor-widget-wrap elementor-element-populated\">\n\t\t\t\t\t\t<div class=\"elementor-element elementor-element-539a7f2 elementor-widget elementor-widget-image\" data-id=\"539a7f2\" data-element_type=\"widget\" data-widget_type=\"image.default\">\n\t\t\t\t<div class=\"elementor-widget-container\">\n\t\t\t\t\t\t\t\t\t\t\t\t\t\t\t\t<a href=\"https:\/\/probisgroup.be\/\" target=\"_blank\">\n\t\t\t\t\t\t\t<img decoding=\"async\" width=\"300\" height=\"82\" src=\"https:\/\/easyfairsassets.com\/sites\/146\/2023\/01\/Logo-Probis_CMYK-300x82.png\" class=\"attachment-medium size-medium wp-image-39418\" alt=\"\" srcset=\"https:\/\/easyfairsassets.com\/sites\/146\/2023\/01\/Logo-Probis_CMYK-300x82.png 300w, https:\/\/easyfairsassets.com\/sites\/146\/2023\/01\/Logo-Probis_CMYK-1024x278.png 1024w, https:\/\/easyfairsassets.com\/sites\/146\/2023\/01\/Logo-Probis_CMYK-768x209.png 768w, https:\/\/easyfairsassets.com\/sites\/146\/2023\/01\/Logo-Probis_CMYK-1536x418.png 1536w, https:\/\/easyfairsassets.com\/sites\/146\/2023\/01\/Logo-Probis_CMYK.png 1920w\" sizes=\"(max-width: 300px) 100vw, 300px\" \/>\t\t\t\t\t\t\t\t<\/a>\n\t\t\t\t\t\t\t\t\t\t\t\t\t\t\t<\/div>\n\t\t\t\t<\/div>\n\t\t\t\t\t<\/div>\n\t\t<\/div>\n\t\t\t\t<div class=\"elementor-column elementor-col-33 elementor-top-column elementor-element elementor-element-11f633d\" data-id=\"11f633d\" data-element_type=\"column\" data-settings=\"{&quot;background_background&quot;:&quot;classic&quot;}\">\n\t\t\t<div class=\"elementor-widget-wrap elementor-element-populated\">\n\t\t\t\t\t\t<div class=\"elementor-element elementor-element-b32a9be elementor-widget elementor-widget-image\" data-id=\"b32a9be\" data-element_type=\"widget\" data-widget_type=\"image.default\">\n\t\t\t\t<div class=\"elementor-widget-container\">\n\t\t\t\t\t\t\t\t\t\t\t\t\t\t\t\t<a href=\"https:\/\/www.easyfairs.com\/event_type\/\" target=\"_blank\">\n\t\t\t\t\t\t\t<img decoding=\"async\" width=\"300\" height=\"138\" src=\"https:\/\/easyfairsassets.com\/sites\/146\/2020\/07\/Logo_EASYFAIRS_RGBLowRes-300x138.jpg\" class=\"attachment-medium size-medium wp-image-9237\" alt=\"logo easyfairs\" srcset=\"https:\/\/easyfairsassets.com\/sites\/146\/2020\/07\/Logo_EASYFAIRS_RGBLowRes-300x138.jpg 300w, https:\/\/easyfairsassets.com\/sites\/146\/2020\/07\/Logo_EASYFAIRS_RGBLowRes.jpg 471w\" sizes=\"(max-width: 300px) 100vw, 300px\" \/>\t\t\t\t\t\t\t\t<\/a>\n\t\t\t\t\t\t\t\t\t\t\t\t\t\t\t<\/div>\n\t\t\t\t<\/div>\n\t\t\t\t\t<\/div>\n\t\t<\/div>\n\t\t\t\t\t<\/div>\n\t\t<\/section>\n\t\t\t\t<\/div>\n\t\t","protected":false},"excerpt":{"rendered":"<p>Inspire Health &amp; Care podcast Dans le podcast Inspire Health &amp; Care, nous nous entretenons avec des personnes inspirantes et comp\u00e9tentes du secteur de la sant\u00e9. Comment voient-ils l&rsquo;avenir du secteur des soins de sant\u00e9? \u00c9couter sur Spotify \u00c9pisode 1 Dans notre premier podcast, Luc Colemont et Servaas Bing\u00e9 parlent de l&rsquo;esprit d&rsquo;entreprise n\u00e9cessaire pour [&hellip;]<\/p>\n","protected":false},"author":872,"featured_media":74531,"parent":0,"menu_order":0,"comment_status":"closed","ping_status":"closed","template":"","meta":{"_seopress_robots_primary_cat":"","_seopress_titles_title":"Inspire Health & Care podcast","_seopress_titles_desc":"Dans le podcast Inspire Health & Care, nous nous entretenons avec des personnes inspirantes et comp\u00e9tentes du secteur de la sant\u00e9. Comment voient-ils l'avenir du secteur des soins de sant\u00e9? ","_seopress_robots_index":"","footnotes":""},"class_list":["post-67986","page","type-page","status-publish","has-post-thumbnail","hentry"],"_links":{"self":[{"href":"https:\/\/www.health-care.be\/fr\/wp-json\/wp\/v2\/pages\/67986","targetHints":{"allow":["GET"]}}],"collection":[{"href":"https:\/\/www.health-care.be\/fr\/wp-json\/wp\/v2\/pages"}],"about":[{"href":"https:\/\/www.health-care.be\/fr\/wp-json\/wp\/v2\/types\/page"}],"author":[{"embeddable":true,"href":"https:\/\/www.health-care.be\/fr\/wp-json\/wp\/v2\/users\/872"}],"replies":[{"embeddable":true,"href":"https:\/\/www.health-care.be\/fr\/wp-json\/wp\/v2\/comments?post=67986"}],"version-history":[{"count":5,"href":"https:\/\/www.health-care.be\/fr\/wp-json\/wp\/v2\/pages\/67986\/revisions"}],"predecessor-version":[{"id":79007,"href":"https:\/\/www.health-care.be\/fr\/wp-json\/wp\/v2\/pages\/67986\/revisions\/79007"}],"wp:featuredmedia":[{"embeddable":true,"href":"https:\/\/www.health-care.be\/fr\/wp-json\/wp\/v2\/media\/74531"}],"wp:attachment":[{"href":"https:\/\/www.health-care.be\/fr\/wp-json\/wp\/v2\/media?parent=67986"}],"curies":[{"name":"wp","href":"https:\/\/api.w.org\/{rel}","templated":true}]}}