{"id":15981,"date":"2022-10-19T09:59:08","date_gmt":"2022-10-19T08:59:08","guid":{"rendered":"https:\/\/www.health-care.be\/?page_id=15981"},"modified":"2025-01-30T13:25:52","modified_gmt":"2025-01-30T12:25:52","slug":"inspire-ondemand2021","status":"publish","type":"page","link":"https:\/\/www.health-care.be\/fr\/inspire-ondemand2021\/","title":{"rendered":"Inspire-OnDemand"},"content":{"rendered":"\t\t<div data-elementor-type=\"wp-post\" data-elementor-id=\"15981\" class=\"elementor elementor-15981 elementor-15980\" data-elementor-post-type=\"page\">\n\t\t\t\t\t\t<section class=\"elementor-section elementor-top-section elementor-element elementor-element-d6aa1ba elementor-section-boxed elementor-section-height-default elementor-section-height-default\" data-id=\"d6aa1ba\" data-element_type=\"section\">\n\t\t\t\t\t\t<div class=\"elementor-container elementor-column-gap-default\">\n\t\t\t\t\t<div class=\"elementor-column elementor-col-100 elementor-top-column elementor-element elementor-element-e2dd376\" data-id=\"e2dd376\" data-element_type=\"column\">\n\t\t\t<div class=\"elementor-widget-wrap elementor-element-populated\">\n\t\t\t\t\t\t<div class=\"elementor-element elementor-element-d5ac8f1 elementor-widget elementor-widget-heading\" data-id=\"d5ac8f1\" data-element_type=\"widget\" data-widget_type=\"heading.default\">\n\t\t\t\t<div class=\"elementor-widget-container\">\n\t\t\t\t\t<h1 class=\"elementor-heading-title elementor-size-default\">Revoir l'\u00e9v\u00e9nement en ligne<\/h1>\t\t\t\t<\/div>\n\t\t\t\t<\/div>\n\t\t\t\t<div class=\"elementor-element elementor-element-51c892c elementor-widget elementor-widget-text-editor\" data-id=\"51c892c\" data-element_type=\"widget\" data-widget_type=\"text-editor.default\">\n\t\t\t\t<div class=\"elementor-widget-container\">\n\t\t\t\t\t\t\t\t\t<h2>9-10 dec 2021<\/h2>\n\t\t\t\t\t\t\t\t<\/div>\n\t\t\t\t<\/div>\n\t\t\t\t\t<\/div>\n\t\t<\/div>\n\t\t\t\t\t<\/div>\n\t\t<\/section>\n\t\t\t\t<section class=\"elementor-section elementor-top-section elementor-element elementor-element-c74ea6a elementor-section-boxed elementor-section-height-default elementor-section-height-default\" data-id=\"c74ea6a\" data-element_type=\"section\" data-settings=\"{&quot;background_background&quot;:&quot;classic&quot;}\">\n\t\t\t\t\t\t<div class=\"elementor-container elementor-column-gap-default\">\n\t\t\t\t\t<div class=\"elementor-column elementor-col-50 elementor-top-column elementor-element elementor-element-e95f94a\" data-id=\"e95f94a\" data-element_type=\"column\" data-settings=\"{&quot;background_background&quot;:&quot;classic&quot;}\">\n\t\t\t<div class=\"elementor-widget-wrap elementor-element-populated\">\n\t\t\t\t\t\t<div class=\"elementor-element elementor-element-3f1b5e5 elementor-widget elementor-widget-image\" data-id=\"3f1b5e5\" data-element_type=\"widget\" data-widget_type=\"image.default\">\n\t\t\t\t<div class=\"elementor-widget-container\">\n\t\t\t\t\t\t\t\t\t\t\t\t\t\t\t<img fetchpriority=\"high\" decoding=\"async\" width=\"450\" height=\"400\" src=\"https:\/\/easyfairsassets.com\/sites\/146\/2022\/02\/mock-up-600-px.gif\" class=\"attachment-2048x2048 size-2048x2048 wp-image-19229\" alt=\"IHC22_mockup\" \/>\t\t\t\t\t\t\t\t\t\t\t\t\t\t\t<\/div>\n\t\t\t\t<\/div>\n\t\t\t\t\t<\/div>\n\t\t<\/div>\n\t\t\t\t<div class=\"elementor-column elementor-col-50 elementor-top-column elementor-element elementor-element-a79564c\" data-id=\"a79564c\" data-element_type=\"column\">\n\t\t\t<div class=\"elementor-widget-wrap elementor-element-populated\">\n\t\t\t\t\t\t<div class=\"elementor-element elementor-element-9e3116d elementor-widget elementor-widget-spacer\" data-id=\"9e3116d\" data-element_type=\"widget\" data-widget_type=\"spacer.default\">\n\t\t\t\t<div class=\"elementor-widget-container\">\n\t\t\t\t\t\t\t<div class=\"elementor-spacer\">\n\t\t\t<div class=\"elementor-spacer-inner\"><\/div>\n\t\t<\/div>\n\t\t\t\t\t\t<\/div>\n\t\t\t\t<\/div>\n\t\t\t\t<div class=\"elementor-element elementor-element-dbbbc87 elementor-widget elementor-widget-heading\" data-id=\"dbbbc87\" data-element_type=\"widget\" data-widget_type=\"heading.default\">\n\t\t\t\t<div class=\"elementor-widget-container\">\n\t\t\t\t\t<h2 class=\"elementor-heading-title elementor-size-default\">Revivez les deux jours de l\u2019\u00e9dition en ligne d\u2019Inspire HEALTH&amp;CARE 2021<\/h2>\t\t\t\t<\/div>\n\t\t\t\t<\/div>\n\t\t\t\t<div class=\"elementor-element elementor-element-c13fbab elementor-widget elementor-widget-text-editor\" data-id=\"c13fbab\" data-element_type=\"widget\" data-widget_type=\"text-editor.default\">\n\t\t\t\t<div class=\"elementor-widget-container\">\n\t\t\t\t\t\t\t\t\t<p>C\u2019est avec beaucoup d\u2019enthousiasme que nous nous rem\u00e9morons les deux jours de l\u2019\u00e9dition en ligne d\u2019Inspire HEALTH&amp;CARE. Plus <strong>de 80 invit\u00e9s et orateurs<\/strong> sont venus partager leur passion et leurs id\u00e9es, majoritairement en direct, dans un des trois studios am\u00e9nag\u00e9s pour l\u2019occasion.<\/p>\n\t\t\t\t\t\t\t\t<\/div>\n\t\t\t\t<\/div>\n\t\t\t\t<div class=\"elementor-element elementor-element-af41c76 elementor-align-left elementor-widget elementor-widget-button\" data-id=\"af41c76\" data-element_type=\"widget\" data-widget_type=\"button.default\">\n\t\t\t\t<div class=\"elementor-widget-container\">\n\t\t\t\t\t\t\t\t\t<div class=\"elementor-button-wrapper\">\n\t\t\t\t\t<a class=\"elementor-button elementor-button-link elementor-size-sm\" href=\"#elementor-action%3Aaction%3Dpopup%3Aopen%26settings%3DeyJpZCI6MTYwMDMsInRvZ2dsZSI6ZmFsc2V9\">\n\t\t\t\t\t\t<span class=\"elementor-button-content-wrapper\">\n\t\t\t\t\t\t<span class=\"elementor-button-icon\">\n\t\t\t\t<i aria-hidden=\"true\" class=\"fas fa-long-arrow-alt-right\"><\/i>\t\t\t<\/span>\n\t\t\t\t\t\t\t\t\t<span class=\"elementor-button-text\">(re)visionnez les vid\u00e9os<\/span>\n\t\t\t\t\t<\/span>\n\t\t\t\t\t<\/a>\n\t\t\t\t<\/div>\n\t\t\t\t\t\t\t\t<\/div>\n\t\t\t\t<\/div>\n\t\t\t\t<div class=\"elementor-element elementor-element-06481ed elementor-widget elementor-widget-spacer\" data-id=\"06481ed\" data-element_type=\"widget\" data-widget_type=\"spacer.default\">\n\t\t\t\t<div class=\"elementor-widget-container\">\n\t\t\t\t\t\t\t<div class=\"elementor-spacer\">\n\t\t\t<div class=\"elementor-spacer-inner\"><\/div>\n\t\t<\/div>\n\t\t\t\t\t\t<\/div>\n\t\t\t\t<\/div>\n\t\t\t\t\t<\/div>\n\t\t<\/div>\n\t\t\t\t\t<\/div>\n\t\t<\/section>\n\t\t\t\t<section class=\"elementor-section elementor-top-section elementor-element elementor-element-993dbc1 elementor-section-boxed elementor-section-height-default elementor-section-height-default elementor-invisible\" data-id=\"993dbc1\" data-element_type=\"section\" data-settings=\"{&quot;animation&quot;:&quot;bounceInUp&quot;}\">\n\t\t\t\t\t\t<div class=\"elementor-container elementor-column-gap-default\">\n\t\t\t\t\t<div class=\"elementor-column elementor-col-50 elementor-top-column elementor-element elementor-element-ceda3ac\" data-id=\"ceda3ac\" data-element_type=\"column\" data-settings=\"{&quot;background_background&quot;:&quot;classic&quot;}\">\n\t\t\t<div class=\"elementor-widget-wrap elementor-element-populated\">\n\t\t\t\t\t\t<div class=\"elementor-element elementor-element-5ea69f9 elementor-widget elementor-widget-text-editor\" data-id=\"5ea69f9\" data-element_type=\"widget\" data-widget_type=\"text-editor.default\">\n\t\t\t\t<div class=\"elementor-widget-container\">\n\t\t\t\t\t\t\t\t\t<h2>Un programme tr\u00e8s attractif<\/h2>\r\n<p class=\"p1\">Des invit\u00e9s de marque tels que le ministre <strong>Frank Vandenbroucke, Christophe Mouton (CEO AZ Maria Middelares), Sabine Maes (UZA m\u00e9decin de haut niveau) ou Rudy Maertens (CEO AZ Alma)<\/strong> nous ont livr\u00e9 leurs id\u00e9es, suggestions et projets parfois surprenants concernant l\u2019avenir du secteur des soins et de l\u2019aide sociale.<\/p>\t\t\t\t\t\t\t\t<\/div>\n\t\t\t\t<\/div>\n\t\t\t\t<div class=\"elementor-element elementor-element-41bd585 elementor-align-left elementor-widget elementor-widget-button\" data-id=\"41bd585\" data-element_type=\"widget\" data-widget_type=\"button.default\">\n\t\t\t\t<div class=\"elementor-widget-container\">\n\t\t\t\t\t\t\t\t\t<div class=\"elementor-button-wrapper\">\n\t\t\t\t\t<a class=\"elementor-button elementor-button-link elementor-size-sm\" href=\"#elementor-action%3Aaction%3Dpopup%3Aopen%26settings%3DeyJpZCI6MTYwMDMsInRvZ2dsZSI6ZmFsc2V9\">\n\t\t\t\t\t\t<span class=\"elementor-button-content-wrapper\">\n\t\t\t\t\t\t<span class=\"elementor-button-icon\">\n\t\t\t\t<i aria-hidden=\"true\" class=\"fas fa-long-arrow-alt-right\"><\/i>\t\t\t<\/span>\n\t\t\t\t\t\t\t\t\t<span class=\"elementor-button-text\">(re)visionnez les vid\u00e9os<\/span>\n\t\t\t\t\t<\/span>\n\t\t\t\t\t<\/a>\n\t\t\t\t<\/div>\n\t\t\t\t\t\t\t\t<\/div>\n\t\t\t\t<\/div>\n\t\t\t\t\t<\/div>\n\t\t<\/div>\n\t\t\t\t<div class=\"elementor-column elementor-col-50 elementor-top-column elementor-element elementor-element-f4f5f4f\" data-id=\"f4f5f4f\" data-element_type=\"column\" data-settings=\"{&quot;motion_fx_motion_fx_mouse&quot;:&quot;yes&quot;,&quot;animation&quot;:&quot;none&quot;}\">\n\t\t\t<div class=\"elementor-widget-wrap elementor-element-populated\">\n\t\t\t\t\t\t<div class=\"elementor-element elementor-element-5da8066 elementor-widget elementor-widget-image\" data-id=\"5da8066\" data-element_type=\"widget\" data-widget_type=\"image.default\">\n\t\t\t\t<div class=\"elementor-widget-container\">\n\t\t\t\t\t\t\t\t\t\t\t\t\t\t\t<img decoding=\"async\" src=\"https:\/\/easyfairsassets.com\/sites\/146\/elementor\/thumbs\/HealthCare_25-04-18_mid-res.-43-pgj6f279dg6hso6kqzij2mm2jdms3y9xz3pvd0qeuw.jpg\" title=\"Health&amp;Care_25 04 18_mid res.-43\" alt=\"IHC 5 redenen waarom\" loading=\"lazy\" \/>\t\t\t\t\t\t\t\t\t\t\t\t\t\t\t<\/div>\n\t\t\t\t<\/div>\n\t\t\t\t\t<\/div>\n\t\t<\/div>\n\t\t\t\t\t<\/div>\n\t\t<\/section>\n\t\t\t\t<section class=\"elementor-section elementor-top-section elementor-element elementor-element-bc9cee6 elementor-section-boxed elementor-section-height-default elementor-section-height-default elementor-invisible\" data-id=\"bc9cee6\" data-element_type=\"section\" data-settings=\"{&quot;animation&quot;:&quot;slideInUp&quot;}\">\n\t\t\t\t\t\t<div class=\"elementor-container elementor-column-gap-default\">\n\t\t\t\t\t<div class=\"elementor-column elementor-col-50 elementor-top-column elementor-element elementor-element-c87d9e5\" data-id=\"c87d9e5\" data-element_type=\"column\" data-settings=\"{&quot;motion_fx_motion_fx_mouse&quot;:&quot;yes&quot;,&quot;animation&quot;:&quot;none&quot;}\">\n\t\t\t<div class=\"elementor-widget-wrap elementor-element-populated\">\n\t\t\t\t\t\t<div class=\"elementor-element elementor-element-20932ba elementor-widget elementor-widget-image\" data-id=\"20932ba\" data-element_type=\"widget\" data-widget_type=\"image.default\">\n\t\t\t\t<div class=\"elementor-widget-container\">\n\t\t\t\t\t\t\t\t\t\t\t\t\t\t\t<img decoding=\"async\" src=\"https:\/\/easyfairsassets.com\/sites\/146\/elementor\/thumbs\/HEALTHCARE_28-09-HR-544-van-697-pghsz9qmrls4h3feh5u9d92q1fzsfvmplyh5elnago.jpg\" title=\"HEALTH&amp;CARE_28 09 HR (544 van 697)\" alt=\"5 redenen om inspire healt &amp; care t e bezoeken n\" loading=\"lazy\" \/>\t\t\t\t\t\t\t\t\t\t\t\t\t\t\t<\/div>\n\t\t\t\t<\/div>\n\t\t\t\t\t<\/div>\n\t\t<\/div>\n\t\t\t\t<div class=\"elementor-column elementor-col-50 elementor-top-column elementor-element elementor-element-398b109\" data-id=\"398b109\" data-element_type=\"column\" data-settings=\"{&quot;background_background&quot;:&quot;classic&quot;}\">\n\t\t\t<div class=\"elementor-widget-wrap elementor-element-populated\">\n\t\t\t\t\t\t<div class=\"elementor-element elementor-element-fcefecc elementor-widget elementor-widget-text-editor\" data-id=\"fcefecc\" data-element_type=\"widget\" data-widget_type=\"text-editor.default\">\n\t\t\t\t<div class=\"elementor-widget-container\">\n\t\t\t\t\t\t\t\t\t<h2>Votre goodiebag en ligne<\/h2>\r\nCe n\u2019est pas parce que la derni\u00e8re \u00e9dition a eu lieu en ligne que vous devez repartir les mains vides ! T\u00e9l\u00e9chargez d\u00e8s maintenant votre goodiebag et profitez des nombreux avantages offerts par nos partenaires.\t\t\t\t\t\t\t\t<\/div>\n\t\t\t\t<\/div>\n\t\t\t\t<div class=\"elementor-element elementor-element-ba786b0 elementor-align-left elementor-widget elementor-widget-button\" data-id=\"ba786b0\" data-element_type=\"widget\" data-widget_type=\"button.default\">\n\t\t\t\t<div class=\"elementor-widget-container\">\n\t\t\t\t\t\t\t\t\t<div class=\"elementor-button-wrapper\">\n\t\t\t\t\t<a class=\"elementor-button elementor-button-link elementor-size-sm\" href=\"https:\/\/www.health-care.be\/online-goodiebag\/\">\n\t\t\t\t\t\t<span class=\"elementor-button-content-wrapper\">\n\t\t\t\t\t\t<span class=\"elementor-button-icon\">\n\t\t\t\t<i aria-hidden=\"true\" class=\"fas fa-long-arrow-alt-right\"><\/i>\t\t\t<\/span>\n\t\t\t\t\t\t\t\t\t<span class=\"elementor-button-text\">Recevez votre goodiebag <\/span>\n\t\t\t\t\t<\/span>\n\t\t\t\t\t<\/a>\n\t\t\t\t<\/div>\n\t\t\t\t\t\t\t\t<\/div>\n\t\t\t\t<\/div>\n\t\t\t\t\t<\/div>\n\t\t<\/div>\n\t\t\t\t\t<\/div>\n\t\t<\/section>\n\t\t\t\t<section class=\"elementor-section elementor-top-section elementor-element elementor-element-c2a94da elementor-hidden-desktop elementor-hidden-tablet elementor-hidden-mobile elementor-section-boxed elementor-section-height-default elementor-section-height-default\" data-id=\"c2a94da\" data-element_type=\"section\" data-settings=\"{&quot;background_background&quot;:&quot;classic&quot;}\">\n\t\t\t\t\t\t<div class=\"elementor-container elementor-column-gap-default\">\n\t\t\t\t\t<div class=\"elementor-column elementor-col-100 elementor-top-column elementor-element elementor-element-bf3356c\" data-id=\"bf3356c\" data-element_type=\"column\">\n\t\t\t<div class=\"elementor-widget-wrap elementor-element-populated\">\n\t\t\t\t\t\t<div class=\"elementor-element elementor-element-c84a8dc elementor-widget elementor-widget-text-editor\" data-id=\"c84a8dc\" data-element_type=\"widget\" data-widget_type=\"text-editor.default\">\n\t\t\t\t<div class=\"elementor-widget-container\">\n\t\t\t\t\t\t\t\t\t<h2>Enregistrez-vous d\u00e8s maintenant pour\u00a0 l\u2019\u00e9dition physique en avril \u00e0 Flanders Expo Gand<\/h2>\n<p>Inspire HEALTH&amp;CARE est <strong>la plateforme de rencontre des employ\u00e9s du secteur des soins et de l&rsquo;aide sociale<\/strong>. L&rsquo;\u00e9v\u00e9nement se concentre sur l&rsquo;inspiration et l&rsquo;\u00eatre, la rencontre, le r\u00e9seautage et l&rsquo;exp\u00e9rience. L&rsquo;objectif est de r\u00e9aliser ensemble l&rsquo;avenir des soins et du bien-\u00eatre. L&rsquo;innovation et une politique de ressources humaines moderne en sont les moteurs.<\/p>\n<p>Trois jours d\u00e9bordant d&rsquo;opportunit\u00e9s de rencontres, <strong>d&rsquo;intervenants incontournables, d&rsquo;un m\u00e9lange unique d&rsquo;entreprises, de s\u00e9minaires, d&rsquo;ateliers et de d\u00e9monstrations.<\/strong><\/p>\n\t\t\t\t\t\t\t\t<\/div>\n\t\t\t\t<\/div>\n\t\t\t\t<section class=\"elementor-section elementor-inner-section elementor-element elementor-element-c6a0b96 elementor-section-boxed elementor-section-height-default elementor-section-height-default\" data-id=\"c6a0b96\" data-element_type=\"section\" data-settings=\"{&quot;background_background&quot;:&quot;classic&quot;}\">\n\t\t\t\t\t\t<div class=\"elementor-container elementor-column-gap-default\">\n\t\t\t\t\t<div class=\"elementor-column elementor-col-50 elementor-inner-column elementor-element elementor-element-e75967d\" data-id=\"e75967d\" data-element_type=\"column\">\n\t\t\t<div class=\"elementor-widget-wrap elementor-element-populated\">\n\t\t\t\t\t\t<div class=\"elementor-element elementor-element-343a322 elementor-widget elementor-widget-counter\" data-id=\"343a322\" data-element_type=\"widget\" data-widget_type=\"counter.default\">\n\t\t\t\t<div class=\"elementor-widget-container\">\n\t\t\t\t\t\t\t<div class=\"elementor-counter\">\n\t\t\t<div class=\"elementor-counter-title\">visiteurs<\/div>\t\t\t<div class=\"elementor-counter-number-wrapper\">\n\t\t\t\t<span class=\"elementor-counter-number-prefix\"><\/span>\n\t\t\t\t<span class=\"elementor-counter-number\" data-duration=\"2000\" data-to-value=\"5000\" data-from-value=\"0\" data-delimiter=\",\">0<\/span>\n\t\t\t\t<span class=\"elementor-counter-number-suffix\"><\/span>\n\t\t\t<\/div>\n\t\t<\/div>\n\t\t\t\t\t\t<\/div>\n\t\t\t\t<\/div>\n\t\t\t\t\t<\/div>\n\t\t<\/div>\n\t\t\t\t<div class=\"elementor-column elementor-col-50 elementor-inner-column elementor-element elementor-element-68fe037\" data-id=\"68fe037\" data-element_type=\"column\">\n\t\t\t<div class=\"elementor-widget-wrap elementor-element-populated\">\n\t\t\t\t\t\t<div class=\"elementor-element elementor-element-ded7550 elementor-widget elementor-widget-text-editor\" data-id=\"ded7550\" data-element_type=\"widget\" data-widget_type=\"text-editor.default\">\n\t\t\t\t<div class=\"elementor-widget-container\">\n\t\t\t\t\t\t\t\t\t<h3>rencontrez PLUS DE 5000 PROFESSIONNELS ACTIFS DANS DIFF\u00c9RENTS \u00c9TABLISSEMENTS DE SOINS<\/h3>\n\t\t\t\t\t\t\t\t<\/div>\n\t\t\t\t<\/div>\n\t\t\t\t\t<\/div>\n\t\t<\/div>\n\t\t\t\t\t<\/div>\n\t\t<\/section>\n\t\t\t\t<div class=\"elementor-element elementor-element-051b4d1 elementor-align-center elementor-widget elementor-widget-button\" data-id=\"051b4d1\" data-element_type=\"widget\" data-widget_type=\"button.default\">\n\t\t\t\t<div class=\"elementor-widget-container\">\n\t\t\t\t\t\t\t\t\t<div class=\"elementor-button-wrapper\">\n\t\t\t\t\t<a class=\"elementor-button elementor-button-link elementor-size-sm\" href=\"https:\/\/www.health-care.be\/fr\/visiter-enregistrez-vous-maintenant\/\">\n\t\t\t\t\t\t<span class=\"elementor-button-content-wrapper\">\n\t\t\t\t\t\t\t\t\t<span class=\"elementor-button-text\">Enregistrez-vous<\/span>\n\t\t\t\t\t<\/span>\n\t\t\t\t\t<\/a>\n\t\t\t\t<\/div>\n\t\t\t\t\t\t\t\t<\/div>\n\t\t\t\t<\/div>\n\t\t\t\t\t<\/div>\n\t\t<\/div>\n\t\t\t\t\t<\/div>\n\t\t<\/section>\n\t\t\t\t<section class=\"elementor-section elementor-top-section elementor-element elementor-element-81145e4 elementor-section-boxed elementor-section-height-default elementor-section-height-default\" data-id=\"81145e4\" data-element_type=\"section\">\n\t\t\t\t\t\t<div class=\"elementor-container elementor-column-gap-default\">\n\t\t\t\t\t<div class=\"elementor-column elementor-col-100 elementor-top-column elementor-element elementor-element-7f07782\" data-id=\"7f07782\" data-element_type=\"column\">\n\t\t\t<div class=\"elementor-widget-wrap elementor-element-populated\">\n\t\t\t\t\t\t<div class=\"elementor-element elementor-element-124a9ab elementor-widget elementor-widget-text-editor\" data-id=\"124a9ab\" data-element_type=\"widget\" data-widget_type=\"text-editor.default\">\n\t\t\t\t<div class=\"elementor-widget-container\">\n\t\t\t\t\t\t\t\t\t<h2>\u00c9v\u00e9nement organis\u00e9 par<\/h2>\n\t\t\t\t\t\t\t\t<\/div>\n\t\t\t\t<\/div>\n\t\t\t\t\t<\/div>\n\t\t<\/div>\n\t\t\t\t\t<\/div>\n\t\t<\/section>\n\t\t\t\t<section class=\"elementor-section elementor-top-section elementor-element elementor-element-28fad9f elementor-section-boxed elementor-section-height-default elementor-section-height-default\" data-id=\"28fad9f\" data-element_type=\"section\">\n\t\t\t\t\t\t<div class=\"elementor-container elementor-column-gap-default\">\n\t\t\t\t\t<div class=\"elementor-column elementor-col-33 elementor-top-column elementor-element elementor-element-8f5ddb3\" data-id=\"8f5ddb3\" data-element_type=\"column\" data-settings=\"{&quot;background_background&quot;:&quot;classic&quot;}\">\n\t\t\t<div class=\"elementor-widget-wrap elementor-element-populated\">\n\t\t\t\t\t\t<div class=\"elementor-element elementor-element-4e5f214 elementor-widget elementor-widget-image\" data-id=\"4e5f214\" data-element_type=\"widget\" data-widget_type=\"image.default\">\n\t\t\t\t<div class=\"elementor-widget-container\">\n\t\t\t\t\t\t\t\t\t\t\t\t\t\t\t\t<a href=\"https:\/\/www.in4care.be\/\" target=\"_blank\" rel=\"nofollow\">\n\t\t\t\t\t\t\t<img decoding=\"async\" width=\"300\" height=\"150\" src=\"https:\/\/easyfairsassets.com\/sites\/146\/2021\/09\/Wordpress-in4care-300x150.png\" class=\"attachment-medium size-medium wp-image-11110\" alt=\"in4care logo\" srcset=\"https:\/\/easyfairsassets.com\/sites\/146\/2021\/09\/Wordpress-in4care-300x150.png 300w, https:\/\/easyfairsassets.com\/sites\/146\/2021\/09\/Wordpress-in4care.png 600w\" sizes=\"(max-width: 300px) 100vw, 300px\" \/>\t\t\t\t\t\t\t\t<\/a>\n\t\t\t\t\t\t\t\t\t\t\t\t\t\t\t<\/div>\n\t\t\t\t<\/div>\n\t\t\t\t\t<\/div>\n\t\t<\/div>\n\t\t\t\t<div class=\"elementor-column elementor-col-33 elementor-top-column elementor-element elementor-element-706f153\" data-id=\"706f153\" data-element_type=\"column\" data-settings=\"{&quot;background_background&quot;:&quot;classic&quot;}\">\n\t\t\t<div class=\"elementor-widget-wrap elementor-element-populated\">\n\t\t\t\t\t\t<div class=\"elementor-element elementor-element-66a6747 elementor-widget elementor-widget-image\" data-id=\"66a6747\" data-element_type=\"widget\" data-widget_type=\"image.default\">\n\t\t\t\t<div class=\"elementor-widget-container\">\n\t\t\t\t\t\t\t\t\t\t\t\t\t\t\t\t<a href=\"https:\/\/www.easyfairs.com\/event_type\/\" target=\"_blank\" rel=\"nofollow\">\n\t\t\t\t\t\t\t<img decoding=\"async\" width=\"300\" height=\"90\" src=\"https:\/\/easyfairsassets.com\/sites\/146\/2019\/02\/Logo_EASYFAIRS_RGBHighRes-300x90.jpg\" class=\"attachment-medium size-medium wp-image-1236\" alt=\"Easyfairs\" srcset=\"https:\/\/easyfairsassets.com\/sites\/146\/2019\/02\/Logo_EASYFAIRS_RGBHighRes-300x90.jpg 300w, https:\/\/easyfairsassets.com\/sites\/146\/2019\/02\/Logo_EASYFAIRS_RGBHighRes-768x229.jpg 768w, https:\/\/easyfairsassets.com\/sites\/146\/2019\/02\/Logo_EASYFAIRS_RGBHighRes-1024x305.jpg 1024w, https:\/\/easyfairsassets.com\/sites\/146\/2019\/02\/Logo_EASYFAIRS_RGBHighRes.jpg 1562w\" sizes=\"(max-width: 300px) 100vw, 300px\" \/>\t\t\t\t\t\t\t\t<\/a>\n\t\t\t\t\t\t\t\t\t\t\t\t\t\t\t<\/div>\n\t\t\t\t<\/div>\n\t\t\t\t\t<\/div>\n\t\t<\/div>\n\t\t\t\t<div class=\"elementor-column elementor-col-33 elementor-top-column elementor-element elementor-element-9f21ceb\" data-id=\"9f21ceb\" data-element_type=\"column\" data-settings=\"{&quot;background_background&quot;:&quot;classic&quot;}\">\n\t\t\t<div class=\"elementor-widget-wrap elementor-element-populated\">\n\t\t\t\t\t\t<div class=\"elementor-element elementor-element-b98b0ad elementor-widget elementor-widget-image\" data-id=\"b98b0ad\" data-element_type=\"widget\" data-widget_type=\"image.default\">\n\t\t\t\t<div class=\"elementor-widget-container\">\n\t\t\t\t\t\t\t\t\t\t\t\t\t\t\t\t<a href=\"https:\/\/probis.be\/\" target=\"_blank\" rel=\"nofollow\">\n\t\t\t\t\t\t\t<img loading=\"lazy\" decoding=\"async\" width=\"300\" height=\"82\" src=\"https:\/\/easyfairsassets.com\/sites\/146\/2023\/01\/Logo-Probis_CMYK-300x82.png\" class=\"attachment-medium size-medium wp-image-39418\" alt=\"\" srcset=\"https:\/\/easyfairsassets.com\/sites\/146\/2023\/01\/Logo-Probis_CMYK-300x82.png 300w, https:\/\/easyfairsassets.com\/sites\/146\/2023\/01\/Logo-Probis_CMYK-1024x278.png 1024w, https:\/\/easyfairsassets.com\/sites\/146\/2023\/01\/Logo-Probis_CMYK-768x209.png 768w, https:\/\/easyfairsassets.com\/sites\/146\/2023\/01\/Logo-Probis_CMYK-1536x418.png 1536w, https:\/\/easyfairsassets.com\/sites\/146\/2023\/01\/Logo-Probis_CMYK.png 1920w\" sizes=\"(max-width: 300px) 100vw, 300px\" \/>\t\t\t\t\t\t\t\t<\/a>\n\t\t\t\t\t\t\t\t\t\t\t\t\t\t\t<\/div>\n\t\t\t\t<\/div>\n\t\t\t\t\t<\/div>\n\t\t<\/div>\n\t\t\t\t\t<\/div>\n\t\t<\/section>\n\t\t\t\t<\/div>\n\t\t","protected":false},"excerpt":{"rendered":"<p>Revoir l&rsquo;\u00e9v\u00e9nement en ligne 9-10 dec 2021 Revivez les deux jours de l\u2019\u00e9dition en ligne d\u2019Inspire HEALTH&#038;CARE 2021 C\u2019est avec beaucoup d\u2019enthousiasme que nous nous rem\u00e9morons les deux jours de l\u2019\u00e9dition en ligne d\u2019Inspire HEALTH&amp;CARE. Plus de 80 invit\u00e9s et orateurs sont venus partager leur passion et leurs id\u00e9es, majoritairement en direct, dans un des [&hellip;]<\/p>\n","protected":false},"author":933,"featured_media":74531,"parent":0,"menu_order":0,"comment_status":"closed","ping_status":"closed","template":"","meta":{"_seopress_robots_primary_cat":"","_seopress_titles_title":"Inspire HEALTH&CARE decembre 2021 - on demand ","_seopress_titles_desc":"Revivez les deux jours de l\u2019\u00e9dition en ligne d\u2019Inspire HEALTH&CARE 2021","_seopress_robots_index":"yes","footnotes":""},"class_list":["post-15981","page","type-page","status-publish","has-post-thumbnail","hentry"],"_links":{"self":[{"href":"https:\/\/www.health-care.be\/fr\/wp-json\/wp\/v2\/pages\/15981","targetHints":{"allow":["GET"]}}],"collection":[{"href":"https:\/\/www.health-care.be\/fr\/wp-json\/wp\/v2\/pages"}],"about":[{"href":"https:\/\/www.health-care.be\/fr\/wp-json\/wp\/v2\/types\/page"}],"author":[{"embeddable":true,"href":"https:\/\/www.health-care.be\/fr\/wp-json\/wp\/v2\/users\/933"}],"replies":[{"embeddable":true,"href":"https:\/\/www.health-care.be\/fr\/wp-json\/wp\/v2\/comments?post=15981"}],"version-history":[{"count":5,"href":"https:\/\/www.health-care.be\/fr\/wp-json\/wp\/v2\/pages\/15981\/revisions"}],"predecessor-version":[{"id":71371,"href":"https:\/\/www.health-care.be\/fr\/wp-json\/wp\/v2\/pages\/15981\/revisions\/71371"}],"wp:featuredmedia":[{"embeddable":true,"href":"https:\/\/www.health-care.be\/fr\/wp-json\/wp\/v2\/media\/74531"}],"wp:attachment":[{"href":"https:\/\/www.health-care.be\/fr\/wp-json\/wp\/v2\/media?parent=15981"}],"curies":[{"name":"wp","href":"https:\/\/api.w.org\/{rel}","templated":true}]}}